{"id":7806,"date":"2024-12-04T12:43:01","date_gmt":"2024-12-04T12:43:01","guid":{"rendered":"http:\/\/maceqen.com\/?post_type=product&#038;p=7806"},"modified":"2025-01-13T16:31:36","modified_gmt":"2025-01-13T16:31:36","slug":"petsie-toothbrush-with-electrolytic-brush-per-pastrimin-e-dhembeve-me-elektrolitike","status":"publish","type":"product","link":"https:\/\/maceqen.com\/excelsior\/product\/petsie-toothbrush-with-electrolytic-brush-per-pastrimin-e-dhembeve-me-elektrolitike\/","title":{"rendered":"Petsie toothbrush with electrolytic. Fur\u00e7a e dh\u00ebmb\u00ebve Petsie Dog me teknologji elektrolitike."},"content":{"rendered":"<p>Karakteristikat dhe P\u00ebrfitimet :<\/p>\n<div>\u25cf\u00a00% past\u00eb dh\u00ebmb\u00ebsh, 100% efikasitet<\/div>\n<p>Harrojeni past\u00ebn e \u00e7rregullt t\u00eb dh\u00ebmb\u00ebve. Fur\u00e7a e dh\u00ebmb\u00ebve Petsie p\u00ebrdor teknologji unike elektrolitike p\u00ebr t\u00eb siguruar pastrim t\u00eb thell\u00eb dhe p\u00ebr t\u00eb freskuar natyrsh\u00ebm frym\u00ebmarrjen e qenit tuaj, duke e b\u00ebr\u00eb kujdesin dentar t\u00eb thjesht\u00eb dhe plot\u00ebsisht natyral.<\/p>\n<div>\u25cf\u00a0Koka fur\u00e7ash t\u00eb z\u00ebvend\u00ebsueshme \u2013 t\u00eb adaptueshme me \u00e7do nofull<\/div>\n<p>Pavar\u00ebsisht n\u00ebse keni nj\u00eb Maltese ose nj\u00eb Great Dane, fur\u00e7a e dh\u00ebmb\u00ebve Petsie \u00ebsht\u00eb gati p\u00ebr t&#8217;u p\u00ebrshtatur me kafsh\u00ebn tuaj sht\u00ebpiake. Me koka t\u00eb z\u00ebvend\u00ebsueshme n\u00eb madh\u00ebsi t\u00eb ndryshme, \u00e7do nofull merr v\u00ebmendjen q\u00eb i nevojitet p\u00ebr pastrim efektiv t\u00eb dh\u00ebmb\u00ebve.<\/p>\n<div>\u25cf\u00a0Koh\u00ebmat\u00ebsi i integruar p\u00ebr pastrim profesional<\/div>\n<p>Nuk ka m\u00eb hamendje p\u00ebr sa koh\u00eb duhet lar\u00eb. Koh\u00ebmat\u00ebsi i integruar i drit\u00ebs sinjalizon sakt\u00ebsisht 60 sekonda p\u00ebr \u00e7do an\u00eb t\u00eb nofull\u00ebs, duke ndjekur rekomandimet e ekspert\u00ebve p\u00ebr kujdes optimal dentar.<\/p>\n<div>\u25cf\u00a0Dizajn ergonomik p\u00ebr trajtim t\u00eb leht\u00eb<\/div>\n<p>Doreza me k\u00ebnd 15 grad\u00eb lejon kontroll t\u00eb sakt\u00eb dhe qasje t\u00eb leht\u00eb n\u00eb dh\u00ebmb\u00ebt e pasm\u00eb, duke thjeshtuar pastrimin e plot\u00eb edhe n\u00eb zonat m\u00eb t\u00eb fshehura.<\/p>\n<div>\u25cf\u00a0Dh\u00ebmb\u00eb m\u00eb t\u00eb sh\u00ebndetsh\u00ebm, jet\u00eb m\u00eb t\u00eb gjat\u00eb<\/div>\n<p>P\u00ebrdorimi i rregullt i fur\u00e7\u00ebs s\u00eb dh\u00ebmb\u00ebve Petsie parandalon krijimin e pllakave, eliminon er\u00ebn e keqe t\u00eb goj\u00ebs dhe zvog\u00eblon rrezikun e humbjes s\u00eb dh\u00ebmb\u00ebve. Kjo p\u00ebrmir\u00ebson drejtp\u00ebrdrejt sh\u00ebndetin e p\u00ebrgjithsh\u00ebm t\u00eb qenit tuaj dhe zgjat jet\u00ebgjat\u00ebsin\u00eb e tyre.<\/p>\n<p>Small (S): P\u00ebr qent\u00eb q\u00eb peshojn\u00eb n\u00ebn 10 kg.<\/p>\n<p>Medium (M): P\u00ebr qent\u00eb me pesh\u00eb 10-20 kg.<\/p>\n<p>Large (L): P\u00ebr qent\u00eb q\u00eb peshojn\u00eb mbi 20 kg.<\/p>\n","protected":false},"excerpt":{"rendered":"<p>Karakteristikat dhe P\u00ebrfitimet : \u25cf\u00a00% past\u00eb dh\u00ebmb\u00ebsh, 100% efikasitet Harrojeni past\u00ebn e \u00e7rregullt t\u00eb dh\u00ebmb\u00ebve. Fur\u00e7a e dh\u00ebmb\u00ebve Petsie p\u00ebrdor teknologji unike elektrolitike p\u00ebr t\u00eb siguruar pastrim t\u00eb thell\u00eb dhe p\u00ebr t\u00eb freskuar natyrsh\u00ebm frym\u00ebmarrjen e qenit tuaj, duke e b\u00ebr\u00eb kujdesin dentar t\u00eb thjesht\u00eb dhe plot\u00ebsisht natyral. \u25cf\u00a0Koka fur\u00e7ash t\u00eb z\u00ebvend\u00ebsueshme \u2013 t\u00eb adaptueshme [&hellip;]<\/p>\n","protected":false},"featured_media":7812,"template":"","meta":[],"product_brand":[],"product_cat":[72,130],"product_tag":[],"class_list":{"0":"post-7806","1":"product","2":"type-product","3":"status-publish","4":"has-post-thumbnail","6":"product_cat-qen","7":"product_cat-higjiena-qen","9":"first","10":"instock","11":"shipping-taxable","12":"purchasable","13":"product-type-variable"},"yoast_head":"<!-- This site is optimized with the Yoast SEO plugin v26.4 - https:\/\/yoast.com\/wordpress\/plugins\/seo\/ -->\n<title>Petsie toothbrush with electrolytic. Fur\u00e7a e dh\u00ebmb\u00ebve Petsie Dog me teknologji elektrolitike. - Maceqen<\/title>\n<meta name=\"robots\" content=\"index, follow, max-snippet:-1, max-image-preview:large, max-video-preview:-1\" \/>\n<link rel=\"canonical\" href=\"https:\/\/maceqen.com\/excelsior\/product\/petsie-toothbrush-with-electrolytic-brush-per-pastrimin-e-dhembeve-me-elektrolitike\/\" \/>\n<meta property=\"og:locale\" content=\"sq_AL\" \/>\n<meta property=\"og:type\" content=\"article\" \/>\n<meta property=\"og:title\" content=\"Petsie toothbrush with electrolytic. Fur\u00e7a e dh\u00ebmb\u00ebve Petsie Dog me teknologji elektrolitike. - Maceqen\" \/>\n<meta property=\"og:description\" content=\"Karakteristikat dhe P\u00ebrfitimet : \u25cf\u00a00% past\u00eb dh\u00ebmb\u00ebsh, 100% efikasitet Harrojeni past\u00ebn e \u00e7rregullt t\u00eb dh\u00ebmb\u00ebve. Fur\u00e7a e dh\u00ebmb\u00ebve Petsie p\u00ebrdor teknologji unike elektrolitike p\u00ebr t\u00eb siguruar pastrim t\u00eb thell\u00eb dhe p\u00ebr t\u00eb freskuar natyrsh\u00ebm frym\u00ebmarrjen e qenit tuaj, duke e b\u00ebr\u00eb kujdesin dentar t\u00eb thjesht\u00eb dhe plot\u00ebsisht natyral. \u25cf\u00a0Koka fur\u00e7ash t\u00eb z\u00ebvend\u00ebsueshme \u2013 t\u00eb adaptueshme [&hellip;]\" \/>\n<meta property=\"og:url\" content=\"https:\/\/maceqen.com\/excelsior\/product\/petsie-toothbrush-with-electrolytic-brush-per-pastrimin-e-dhembeve-me-elektrolitike\/\" \/>\n<meta property=\"og:site_name\" content=\"Maceqen\" \/>\n<meta property=\"article:publisher\" content=\"https:\/\/www.facebook.com\/profile.php?id=61566868653024\" \/>\n<meta property=\"article:modified_time\" content=\"2025-01-13T16:31:36+00:00\" \/>\n<meta property=\"og:image\" content=\"https:\/\/maceqen.com\/excelsior\/wp-content\/uploads\/2024\/12\/610dfh5GdML._AC_SL1200_.jpg\" \/>\n\t<meta property=\"og:image:width\" content=\"1151\" \/>\n\t<meta property=\"og:image:height\" content=\"1111\" \/>\n\t<meta property=\"og:image:type\" content=\"image\/jpeg\" \/>\n<meta name=\"twitter:card\" content=\"summary_large_image\" \/>\n<meta name=\"twitter:label1\" content=\"Est. reading time\" \/>\n\t<meta name=\"twitter:data1\" content=\"2 minuta\" \/>\n<script type=\"application\/ld+json\" class=\"yoast-schema-graph\">{\"@context\":\"https:\/\/schema.org\",\"@graph\":[{\"@type\":\"WebPage\",\"@id\":\"https:\/\/maceqen.com\/excelsior\/product\/petsie-toothbrush-with-electrolytic-brush-per-pastrimin-e-dhembeve-me-elektrolitike\/\",\"url\":\"https:\/\/maceqen.com\/excelsior\/product\/petsie-toothbrush-with-electrolytic-brush-per-pastrimin-e-dhembeve-me-elektrolitike\/\",\"name\":\"Petsie toothbrush with electrolytic. Fur\u00e7a e dh\u00ebmb\u00ebve Petsie Dog me teknologji elektrolitike. - Maceqen\",\"isPartOf\":{\"@id\":\"https:\/\/maceqen.com\/excelsior\/#website\"},\"primaryImageOfPage\":{\"@id\":\"https:\/\/maceqen.com\/excelsior\/product\/petsie-toothbrush-with-electrolytic-brush-per-pastrimin-e-dhembeve-me-elektrolitike\/#primaryimage\"},\"image\":{\"@id\":\"https:\/\/maceqen.com\/excelsior\/product\/petsie-toothbrush-with-electrolytic-brush-per-pastrimin-e-dhembeve-me-elektrolitike\/#primaryimage\"},\"thumbnailUrl\":\"https:\/\/maceqen.com\/excelsior\/wp-content\/uploads\/2024\/12\/610dfh5GdML._AC_SL1200_.jpg\",\"datePublished\":\"2024-12-04T12:43:01+00:00\",\"dateModified\":\"2025-01-13T16:31:36+00:00\",\"breadcrumb\":{\"@id\":\"https:\/\/maceqen.com\/excelsior\/product\/petsie-toothbrush-with-electrolytic-brush-per-pastrimin-e-dhembeve-me-elektrolitike\/#breadcrumb\"},\"inLanguage\":\"sq\",\"potentialAction\":[{\"@type\":\"ReadAction\",\"target\":[\"https:\/\/maceqen.com\/excelsior\/product\/petsie-toothbrush-with-electrolytic-brush-per-pastrimin-e-dhembeve-me-elektrolitike\/\"]}]},{\"@type\":\"ImageObject\",\"inLanguage\":\"sq\",\"@id\":\"https:\/\/maceqen.com\/excelsior\/product\/petsie-toothbrush-with-electrolytic-brush-per-pastrimin-e-dhembeve-me-elektrolitike\/#primaryimage\",\"url\":\"https:\/\/maceqen.com\/excelsior\/wp-content\/uploads\/2024\/12\/610dfh5GdML._AC_SL1200_.jpg\",\"contentUrl\":\"https:\/\/maceqen.com\/excelsior\/wp-content\/uploads\/2024\/12\/610dfh5GdML._AC_SL1200_.jpg\",\"width\":1151,\"height\":1111},{\"@type\":\"BreadcrumbList\",\"@id\":\"https:\/\/maceqen.com\/excelsior\/product\/petsie-toothbrush-with-electrolytic-brush-per-pastrimin-e-dhembeve-me-elektrolitike\/#breadcrumb\",\"itemListElement\":[{\"@type\":\"ListItem\",\"position\":1,\"name\":\"Home\",\"item\":\"https:\/\/maceqen.com\/excelsior\/\"},{\"@type\":\"ListItem\",\"position\":2,\"name\":\"Shop\",\"item\":\"https:\/\/maceqen.com\/excelsior\/shop\/\"},{\"@type\":\"ListItem\",\"position\":3,\"name\":\"Petsie toothbrush with electrolytic. Fur\u00e7a e dh\u00ebmb\u00ebve Petsie Dog me teknologji elektrolitike.\"}]},{\"@type\":\"WebSite\",\"@id\":\"https:\/\/maceqen.com\/excelsior\/#website\",\"url\":\"https:\/\/maceqen.com\/excelsior\/\",\"name\":\"Maceqen\",\"description\":\"Maceqen.com\",\"publisher\":{\"@id\":\"https:\/\/maceqen.com\/excelsior\/#organization\"},\"potentialAction\":[{\"@type\":\"SearchAction\",\"target\":{\"@type\":\"EntryPoint\",\"urlTemplate\":\"https:\/\/maceqen.com\/excelsior\/?s={search_term_string}\"},\"query-input\":{\"@type\":\"PropertyValueSpecification\",\"valueRequired\":true,\"valueName\":\"search_term_string\"}}],\"inLanguage\":\"sq\"},{\"@type\":\"Organization\",\"@id\":\"https:\/\/maceqen.com\/excelsior\/#organization\",\"name\":\"Maceqen\",\"url\":\"https:\/\/maceqen.com\/excelsior\/\",\"logo\":{\"@type\":\"ImageObject\",\"inLanguage\":\"sq\",\"@id\":\"https:\/\/maceqen.com\/excelsior\/#\/schema\/logo\/image\/\",\"url\":\"https:\/\/maceqen.com\/excelsior\/wp-content\/uploads\/2021\/10\/maceqen_transparent-e1724054286368-2.png\",\"contentUrl\":\"https:\/\/maceqen.com\/excelsior\/wp-content\/uploads\/2021\/10\/maceqen_transparent-e1724054286368-2.png\",\"width\":1641,\"height\":727,\"caption\":\"Maceqen\"},\"image\":{\"@id\":\"https:\/\/maceqen.com\/excelsior\/#\/schema\/logo\/image\/\"},\"sameAs\":[\"https:\/\/www.facebook.com\/profile.php?id=61566868653024\",\"https:\/\/www.instagram.com\/maceqen_\/\"]}]}<\/script>\n<!-- \/ Yoast SEO plugin. -->","yoast_head_json":{"title":"Petsie toothbrush with electrolytic. Fur\u00e7a e dh\u00ebmb\u00ebve Petsie Dog me teknologji elektrolitike. - Maceqen","robots":{"index":"index","follow":"follow","max-snippet":"max-snippet:-1","max-image-preview":"max-image-preview:large","max-video-preview":"max-video-preview:-1"},"canonical":"https:\/\/maceqen.com\/excelsior\/product\/petsie-toothbrush-with-electrolytic-brush-per-pastrimin-e-dhembeve-me-elektrolitike\/","og_locale":"sq_AL","og_type":"article","og_title":"Petsie toothbrush with electrolytic. Fur\u00e7a e dh\u00ebmb\u00ebve Petsie Dog me teknologji elektrolitike. - Maceqen","og_description":"Karakteristikat dhe P\u00ebrfitimet : \u25cf\u00a00% past\u00eb dh\u00ebmb\u00ebsh, 100% efikasitet Harrojeni past\u00ebn e \u00e7rregullt t\u00eb dh\u00ebmb\u00ebve. Fur\u00e7a e dh\u00ebmb\u00ebve Petsie p\u00ebrdor teknologji unike elektrolitike p\u00ebr t\u00eb siguruar pastrim t\u00eb thell\u00eb dhe p\u00ebr t\u00eb freskuar natyrsh\u00ebm frym\u00ebmarrjen e qenit tuaj, duke e b\u00ebr\u00eb kujdesin dentar t\u00eb thjesht\u00eb dhe plot\u00ebsisht natyral. \u25cf\u00a0Koka fur\u00e7ash t\u00eb z\u00ebvend\u00ebsueshme \u2013 t\u00eb adaptueshme [&hellip;]","og_url":"https:\/\/maceqen.com\/excelsior\/product\/petsie-toothbrush-with-electrolytic-brush-per-pastrimin-e-dhembeve-me-elektrolitike\/","og_site_name":"Maceqen","article_publisher":"https:\/\/www.facebook.com\/profile.php?id=61566868653024","article_modified_time":"2025-01-13T16:31:36+00:00","og_image":[{"width":1151,"height":1111,"url":"https:\/\/maceqen.com\/excelsior\/wp-content\/uploads\/2024\/12\/610dfh5GdML._AC_SL1200_.jpg","type":"image\/jpeg"}],"twitter_card":"summary_large_image","twitter_misc":{"Est. reading time":"2 minuta"},"schema":{"@context":"https:\/\/schema.org","@graph":[{"@type":"WebPage","@id":"https:\/\/maceqen.com\/excelsior\/product\/petsie-toothbrush-with-electrolytic-brush-per-pastrimin-e-dhembeve-me-elektrolitike\/","url":"https:\/\/maceqen.com\/excelsior\/product\/petsie-toothbrush-with-electrolytic-brush-per-pastrimin-e-dhembeve-me-elektrolitike\/","name":"Petsie toothbrush with electrolytic. Fur\u00e7a e dh\u00ebmb\u00ebve Petsie Dog me teknologji elektrolitike. - Maceqen","isPartOf":{"@id":"https:\/\/maceqen.com\/excelsior\/#website"},"primaryImageOfPage":{"@id":"https:\/\/maceqen.com\/excelsior\/product\/petsie-toothbrush-with-electrolytic-brush-per-pastrimin-e-dhembeve-me-elektrolitike\/#primaryimage"},"image":{"@id":"https:\/\/maceqen.com\/excelsior\/product\/petsie-toothbrush-with-electrolytic-brush-per-pastrimin-e-dhembeve-me-elektrolitike\/#primaryimage"},"thumbnailUrl":"https:\/\/maceqen.com\/excelsior\/wp-content\/uploads\/2024\/12\/610dfh5GdML._AC_SL1200_.jpg","datePublished":"2024-12-04T12:43:01+00:00","dateModified":"2025-01-13T16:31:36+00:00","breadcrumb":{"@id":"https:\/\/maceqen.com\/excelsior\/product\/petsie-toothbrush-with-electrolytic-brush-per-pastrimin-e-dhembeve-me-elektrolitike\/#breadcrumb"},"inLanguage":"sq","potentialAction":[{"@type":"ReadAction","target":["https:\/\/maceqen.com\/excelsior\/product\/petsie-toothbrush-with-electrolytic-brush-per-pastrimin-e-dhembeve-me-elektrolitike\/"]}]},{"@type":"ImageObject","inLanguage":"sq","@id":"https:\/\/maceqen.com\/excelsior\/product\/petsie-toothbrush-with-electrolytic-brush-per-pastrimin-e-dhembeve-me-elektrolitike\/#primaryimage","url":"https:\/\/maceqen.com\/excelsior\/wp-content\/uploads\/2024\/12\/610dfh5GdML._AC_SL1200_.jpg","contentUrl":"https:\/\/maceqen.com\/excelsior\/wp-content\/uploads\/2024\/12\/610dfh5GdML._AC_SL1200_.jpg","width":1151,"height":1111},{"@type":"BreadcrumbList","@id":"https:\/\/maceqen.com\/excelsior\/product\/petsie-toothbrush-with-electrolytic-brush-per-pastrimin-e-dhembeve-me-elektrolitike\/#breadcrumb","itemListElement":[{"@type":"ListItem","position":1,"name":"Home","item":"https:\/\/maceqen.com\/excelsior\/"},{"@type":"ListItem","position":2,"name":"Shop","item":"https:\/\/maceqen.com\/excelsior\/shop\/"},{"@type":"ListItem","position":3,"name":"Petsie toothbrush with electrolytic. Fur\u00e7a e dh\u00ebmb\u00ebve Petsie Dog me teknologji elektrolitike."}]},{"@type":"WebSite","@id":"https:\/\/maceqen.com\/excelsior\/#website","url":"https:\/\/maceqen.com\/excelsior\/","name":"Maceqen","description":"Maceqen.com","publisher":{"@id":"https:\/\/maceqen.com\/excelsior\/#organization"},"potentialAction":[{"@type":"SearchAction","target":{"@type":"EntryPoint","urlTemplate":"https:\/\/maceqen.com\/excelsior\/?s={search_term_string}"},"query-input":{"@type":"PropertyValueSpecification","valueRequired":true,"valueName":"search_term_string"}}],"inLanguage":"sq"},{"@type":"Organization","@id":"https:\/\/maceqen.com\/excelsior\/#organization","name":"Maceqen","url":"https:\/\/maceqen.com\/excelsior\/","logo":{"@type":"ImageObject","inLanguage":"sq","@id":"https:\/\/maceqen.com\/excelsior\/#\/schema\/logo\/image\/","url":"https:\/\/maceqen.com\/excelsior\/wp-content\/uploads\/2021\/10\/maceqen_transparent-e1724054286368-2.png","contentUrl":"https:\/\/maceqen.com\/excelsior\/wp-content\/uploads\/2021\/10\/maceqen_transparent-e1724054286368-2.png","width":1641,"height":727,"caption":"Maceqen"},"image":{"@id":"https:\/\/maceqen.com\/excelsior\/#\/schema\/logo\/image\/"},"sameAs":["https:\/\/www.facebook.com\/profile.php?id=61566868653024","https:\/\/www.instagram.com\/maceqen_\/"]}]}},"_links":{"self":[{"href":"https:\/\/maceqen.com\/excelsior\/wp-json\/wp\/v2\/product\/7806","targetHints":{"allow":["GET"]}}],"collection":[{"href":"https:\/\/maceqen.com\/excelsior\/wp-json\/wp\/v2\/product"}],"about":[{"href":"https:\/\/maceqen.com\/excelsior\/wp-json\/wp\/v2\/types\/product"}],"wp:featuredmedia":[{"embeddable":true,"href":"https:\/\/maceqen.com\/excelsior\/wp-json\/wp\/v2\/media\/7812"}],"wp:attachment":[{"href":"https:\/\/maceqen.com\/excelsior\/wp-json\/wp\/v2\/media?parent=7806"}],"wp:term":[{"taxonomy":"product_brand","embeddable":true,"href":"https:\/\/maceqen.com\/excelsior\/wp-json\/wp\/v2\/product_brand?post=7806"},{"taxonomy":"product_cat","embeddable":true,"href":"https:\/\/maceqen.com\/excelsior\/wp-json\/wp\/v2\/product_cat?post=7806"},{"taxonomy":"product_tag","embeddable":true,"href":"https:\/\/maceqen.com\/excelsior\/wp-json\/wp\/v2\/product_tag?post=7806"}],"curies":[{"name":"wp","href":"https:\/\/api.w.org\/{rel}","templated":true}]}}