{"id":314,"date":"2022-05-31T11:08:55","date_gmt":"2022-05-31T11:08:55","guid":{"rendered":"https:\/\/maceqen.com\/excelsior\/?page_id=314"},"modified":"2025-11-28T22:10:16","modified_gmt":"2025-11-28T21:10:16","slug":"contact-us","status":"publish","type":"page","link":"https:\/\/maceqen.com\/excelsior\/contact-us\/","title":{"rendered":"Contact us"},"content":{"rendered":"\t\t<div data-elementor-type=\"wp-page\" data-elementor-id=\"314\" class=\"elementor elementor-314\">\n\t\t\t\t\t\t<section class=\"elementor-section elementor-top-section elementor-element elementor-element-8beea06 elementor-section-boxed elementor-section-height-default elementor-section-height-default\" data-id=\"8beea06\" data-element_type=\"section\">\n\t\t\t\t\t\t<div class=\"elementor-container elementor-column-gap-default\">\n\t\t\t\t\t<div class=\"elementor-column elementor-col-50 elementor-top-column elementor-element elementor-element-b57b75f\" data-id=\"b57b75f\" data-element_type=\"column\">\n\t\t\t<div class=\"elementor-widget-wrap elementor-element-populated\">\n\t\t\t\t\t\t<div class=\"elementor-element elementor-element-7539960 elementor-widget elementor-widget-et_logo\" data-id=\"7539960\" data-element_type=\"widget\" data-widget_type=\"et_logo.default\">\n\t\t\t\t<div class=\"elementor-widget-container\">\n\t\t\t\t\t<div class=\"header-logo\"><a href=\"https:\/\/maceqen.com\/excelsior\/\" title=\"Maceqen\"><img fetchpriority=\"high\" decoding=\"async\" class=\"logo\" src=\"https:\/\/maceqen.com\/excelsior\/wp-content\/uploads\/2021\/10\/maceqen_transparent-e1724054286368-2.png\" width=\"1641\" height=\"727\" alt=\"Maceqen\"><\/a><\/div>\t\t\t\t<\/div>\n\t\t\t\t<\/div>\n\t\t\t\t<div class=\"elementor-element elementor-element-ffbe418 elementor-widget elementor-widget-et_heading\" data-id=\"ffbe418\" data-element_type=\"widget\" data-widget_type=\"et_heading.default\">\n\t\t\t\t<div class=\"elementor-widget-container\">\n\t\t\t\t\t<h3 class=\"et-heading\" data-delay=\"0\"><span class=\"text-wrapper\"><span class=\"text\"><span >Keni ndonj\u00eb pyetje p\u00ebr ne?<\/span><\/span><\/span><\/h3>\t\t\t\t<\/div>\n\t\t\t\t<\/div>\n\t\t\t\t<div class=\"elementor-element elementor-element-7b9eded elementor-widget elementor-widget-et_heading\" data-id=\"7b9eded\" data-element_type=\"widget\" data-widget_type=\"et_heading.default\">\n\t\t\t\t<div class=\"elementor-widget-container\">\n\t\t\t\t\t<p class=\"et-heading\" data-delay=\"0\"><span class=\"text-wrapper\"><span class=\"text\"><span >Ekipi yn\u00eb \u00ebsht\u00eb gjithmon\u00eb gati t\u2019ju asistoj\u00eb sa her\u00eb q\u00eb keni nevoj\u00eb<\/span><\/span><\/span><\/p>\t\t\t\t<\/div>\n\t\t\t\t<\/div>\n\t\t\t\t<div class=\"elementor-element elementor-element-203515a elementor-widget elementor-widget-et_separator\" data-id=\"203515a\" data-element_type=\"widget\" data-widget_type=\"et_separator.default\">\n\t\t\t\t<div class=\"elementor-widget-container\">\n\t\t\t\t\t<div class=\"et-separator et-clearfix\" ><\/div>\t\t\t\t<\/div>\n\t\t\t\t<\/div>\n\t\t\t\t<div class=\"elementor-element elementor-element-751bf5d elementor-widget elementor-widget-et_icon_box\" data-id=\"751bf5d\" data-element_type=\"widget\" data-widget_type=\"et_icon_box.default\">\n\t\t\t\t<div class=\"elementor-widget-container\">\n\t\t\t\t\t<div class=\"et-icon-box hide-default-false hide-sticky-false icon-position-left icon-position-tablet-inherit icon-position-mobile-inherit icon-alignment-center icon-alignment-tablet-inherit icon-alignment-mobile-inherit icon-vertical-alignment-center margin-small no-content\" ><div class=\"icon\"><\/div><div class=\"icon-box-content-wrap\"><h6 class=\"icon-box-title\">(+383) 046 602 601<\/h6><\/div><\/div>\t\t\t\t<\/div>\n\t\t\t\t<\/div>\n\t\t\t\t<div class=\"elementor-element elementor-element-ac86bef elementor-widget elementor-widget-et_separator\" data-id=\"ac86bef\" data-element_type=\"widget\" data-widget_type=\"et_separator.default\">\n\t\t\t\t<div class=\"elementor-widget-container\">\n\t\t\t\t\t<div class=\"et-separator et-clearfix\" ><\/div>\t\t\t\t<\/div>\n\t\t\t\t<\/div>\n\t\t\t\t<div class=\"elementor-element elementor-element-133d3b1 elementor-widget__width-auto elementor-widget elementor-widget-et_button\" data-id=\"133d3b1\" data-element_type=\"widget\" data-widget_type=\"et_button.default\">\n\t\t\t\t<div class=\"elementor-widget-container\">\n\t\t\t\t\t<a target=\"_blank\" href=\"https:\/\/api.whatsapp.com\/send\/?phone=38346602601&#038;text&#038;type=phone_number&#038;app_absent=0\" data-effect=\"scale\" class=\"et-button hide-default-false hide-sticky-false megamenu-ajax-false submenu-appear-false submenu-shadow-false modal-false hover-scale smooth-false shadow-false rounded small\" ><span class=\"icon icon1\"><\/span><span class=\"text\">Live chat<\/span><span class=\"icon icon2\"><\/span><span class=\"button-back\"><\/span><\/a>\t\t\t\t<\/div>\n\t\t\t\t<\/div>\n\t\t\t\t<div class=\"elementor-element elementor-element-a0cb92d elementor-widget-tablet__width-inherit elementor-widget elementor-widget-et_heading\" data-id=\"a0cb92d\" data-element_type=\"widget\" data-widget_type=\"et_heading.default\">\n\t\t\t\t<div class=\"elementor-widget-container\">\n\t\t\t\t\t<p class=\"et-heading\" data-delay=\"0\"><a href=\"mailto:info@maceqen.com\" target=\"_self\"><\/a><span class=\"text-wrapper\"><span class=\"text\"><span >info@maceqen.com<\/span><\/span><\/span><\/p>\t\t\t\t<\/div>\n\t\t\t\t<\/div>\n\t\t\t\t<div class=\"elementor-element elementor-element-8370ff7 elementor-widget elementor-widget-et_separator\" data-id=\"8370ff7\" data-element_type=\"widget\" data-widget_type=\"et_separator.default\">\n\t\t\t\t<div class=\"elementor-widget-container\">\n\t\t\t\t\t<div class=\"et-separator et-clearfix\" ><\/div>\t\t\t\t<\/div>\n\t\t\t\t<\/div>\n\t\t\t\t<div class=\"elementor-element elementor-element-098de09 e-grid-align-left elementor-shape-rounded elementor-grid-0 elementor-widget elementor-widget-social-icons\" data-id=\"098de09\" data-element_type=\"widget\" data-widget_type=\"social-icons.default\">\n\t\t\t\t<div class=\"elementor-widget-container\">\n\t\t\t\t\t\t\t<div class=\"elementor-social-icons-wrapper elementor-grid\" role=\"list\">\n\t\t\t\t\t\t\t<span class=\"elementor-grid-item\" role=\"listitem\">\n\t\t\t\t\t<a class=\"elementor-icon elementor-social-icon elementor-social-icon-facebook elementor-repeater-item-dc75388\" href=\"https:\/\/www.facebook.com\/profile.php?id=61566868653024\" target=\"_blank\">\n\t\t\t\t\t\t<span class=\"elementor-screen-only\">Facebook<\/span>\n\t\t\t\t\t\t<svg aria-hidden=\"true\" class=\"e-font-icon-svg e-fab-facebook\" viewBox=\"0 0 512 512\" xmlns=\"http:\/\/www.w3.org\/2000\/svg\"><path d=\"M504 256C504 119 393 8 256 8S8 119 8 256c0 123.78 90.69 226.38 209.25 245V327.69h-63V256h63v-54.64c0-62.15 37-96.48 93.67-96.48 27.14 0 55.52 4.84 55.52 4.84v61h-31.28c-30.8 0-40.41 19.12-40.41 38.73V256h68.78l-11 71.69h-57.78V501C413.31 482.38 504 379.78 504 256z\"><\/path><\/svg>\t\t\t\t\t<\/a>\n\t\t\t\t<\/span>\n\t\t\t\t\t\t\t<span class=\"elementor-grid-item\" role=\"listitem\">\n\t\t\t\t\t<a class=\"elementor-icon elementor-social-icon elementor-social-icon-instagram elementor-repeater-item-a89c74f\" href=\"https:\/\/www.instagram.com\/maceqen_\/\" target=\"_blank\">\n\t\t\t\t\t\t<span class=\"elementor-screen-only\">Instagram<\/span>\n\t\t\t\t\t\t<svg aria-hidden=\"true\" class=\"e-font-icon-svg e-fab-instagram\" viewBox=\"0 0 448 512\" xmlns=\"http:\/\/www.w3.org\/2000\/svg\"><path d=\"M224.1 141c-63.6 0-114.9 51.3-114.9 114.9s51.3 114.9 114.9 114.9S339 319.5 339 255.9 287.7 141 224.1 141zm0 189.6c-41.1 0-74.7-33.5-74.7-74.7s33.5-74.7 74.7-74.7 74.7 33.5 74.7 74.7-33.6 74.7-74.7 74.7zm146.4-194.3c0 14.9-12 26.8-26.8 26.8-14.9 0-26.8-12-26.8-26.8s12-26.8 26.8-26.8 26.8 12 26.8 26.8zm76.1 27.2c-1.7-35.9-9.9-67.7-36.2-93.9-26.2-26.2-58-34.4-93.9-36.2-37-2.1-147.9-2.1-184.9 0-35.8 1.7-67.6 9.9-93.9 36.1s-34.4 58-36.2 93.9c-2.1 37-2.1 147.9 0 184.9 1.7 35.9 9.9 67.7 36.2 93.9s58 34.4 93.9 36.2c37 2.1 147.9 2.1 184.9 0 35.9-1.7 67.7-9.9 93.9-36.2 26.2-26.2 34.4-58 36.2-93.9 2.1-37 2.1-147.8 0-184.8zM398.8 388c-7.8 19.6-22.9 34.7-42.6 42.6-29.5 11.7-99.5 9-132.1 9s-102.7 2.6-132.1-9c-19.6-7.8-34.7-22.9-42.6-42.6-11.7-29.5-9-99.5-9-132.1s-2.6-102.7 9-132.1c7.8-19.6 22.9-34.7 42.6-42.6 29.5-11.7 99.5-9 132.1-9s102.7-2.6 132.1 9c19.6 7.8 34.7 22.9 42.6 42.6 11.7 29.5 9 99.5 9 132.1s2.7 102.7-9 132.1z\"><\/path><\/svg>\t\t\t\t\t<\/a>\n\t\t\t\t<\/span>\n\t\t\t\t\t<\/div>\n\t\t\t\t\t\t<\/div>\n\t\t\t\t<\/div>\n\t\t\t\t\t<\/div>\n\t\t<\/div>\n\t\t\t\t<div class=\"elementor-column elementor-col-50 elementor-top-column elementor-element elementor-element-87f5a67\" data-id=\"87f5a67\" data-element_type=\"column\">\n\t\t\t<div class=\"elementor-widget-wrap elementor-element-populated\">\n\t\t\t\t\t\t<div class=\"elementor-element elementor-element-fb9e0db elementor-widget elementor-widget-et_heading\" data-id=\"fb9e0db\" data-element_type=\"widget\" data-widget_type=\"et_heading.default\">\n\t\t\t\t<div class=\"elementor-widget-container\">\n\t\t\t\t\t<h3 class=\"et-heading\" data-delay=\"0\"><span class=\"text-wrapper\"><span class=\"text\"><span >Keni pyetje? Plot\u00ebsoni formularin m\u00eb posht\u00eb<\/span><\/span><\/span><\/h3>\t\t\t\t<\/div>\n\t\t\t\t<\/div>\n\t\t\t\t<div class=\"elementor-element elementor-element-01b6b79 cform elementor-widget elementor-widget-shortcode\" data-id=\"01b6b79\" data-element_type=\"widget\" data-widget_type=\"shortcode.default\">\n\t\t\t\t<div class=\"elementor-widget-container\">\n\t\t\t\t\t\t\t<div class=\"elementor-shortcode\">\n<div class=\"wpcf7 no-js\" id=\"wpcf7-f8385-o1\" lang=\"sq\" dir=\"ltr\" data-wpcf7-id=\"8385\">\n<div class=\"screen-reader-response\"><p role=\"status\" aria-live=\"polite\" aria-atomic=\"true\"><\/p> <ul><\/ul><\/div>\n<form action=\"\/excelsior\/wp-json\/wp\/v2\/pages\/314#wpcf7-f8385-o1\" method=\"post\" class=\"wpcf7-form init\" aria-label=\"Formular kontaktesh\" novalidate=\"novalidate\" data-status=\"init\">\n<fieldset class=\"hidden-fields-container\"><input type=\"hidden\" name=\"_wpcf7\" value=\"8385\" \/><input type=\"hidden\" name=\"_wpcf7_version\" value=\"6.1.4\" \/><input type=\"hidden\" name=\"_wpcf7_locale\" value=\"sq\" \/><input type=\"hidden\" name=\"_wpcf7_unit_tag\" value=\"wpcf7-f8385-o1\" \/><input type=\"hidden\" name=\"_wpcf7_container_post\" value=\"0\" \/><input type=\"hidden\" name=\"_wpcf7_posted_data_hash\" value=\"\" \/>\n<\/fieldset>\n<p><label> Your name<br \/>\n<span class=\"wpcf7-form-control-wrap\" data-name=\"your-name\"><input size=\"40\" maxlength=\"400\" class=\"wpcf7-form-control wpcf7-text wpcf7-validates-as-required\" autocomplete=\"name\" aria-required=\"true\" aria-invalid=\"false\" value=\"\" type=\"text\" name=\"your-name\" \/><\/span> <\/label>\n<\/p>\n<p><label> Your email<br \/>\n<span class=\"wpcf7-form-control-wrap\" data-name=\"your-email\"><input size=\"40\" maxlength=\"400\" class=\"wpcf7-form-control wpcf7-email wpcf7-validates-as-required wpcf7-text wpcf7-validates-as-email\" autocomplete=\"email\" aria-required=\"true\" aria-invalid=\"false\" value=\"\" type=\"email\" name=\"your-email\" \/><\/span> <\/label>\n<\/p>\n<p><label> Subject<br \/>\n<span class=\"wpcf7-form-control-wrap\" data-name=\"your-subject\"><input size=\"40\" maxlength=\"400\" class=\"wpcf7-form-control wpcf7-text wpcf7-validates-as-required\" aria-required=\"true\" aria-invalid=\"false\" value=\"\" type=\"text\" name=\"your-subject\" \/><\/span> <\/label>\n<\/p>\n<p><label> Your message (optional)<br \/>\n<span class=\"wpcf7-form-control-wrap\" data-name=\"your-message\"><textarea cols=\"40\" rows=\"10\" maxlength=\"2000\" class=\"wpcf7-form-control wpcf7-textarea\" aria-invalid=\"false\" name=\"your-message\"><\/textarea><\/span> <\/label>\n<\/p>\n<p><input class=\"wpcf7-form-control wpcf7-submit has-spinner\" type=\"submit\" value=\"Submit\" \/>\n<\/p><div class=\"wpcf7-response-output\" aria-hidden=\"true\"><\/div>\n<\/form>\n<\/div>\n<\/div>\n\t\t\t\t\t\t<\/div>\n\t\t\t\t<\/div>\n\t\t\t\t\t<\/div>\n\t\t<\/div>\n\t\t\t\t\t<\/div>\n\t\t<\/section>\n\t\t\t\t<\/div>\n\t\t","protected":false},"excerpt":{"rendered":"<p>Keni ndonj\u00eb pyetje p\u00ebr ne? Ekipi yn\u00eb \u00ebsht\u00eb gjithmon\u00eb gati t\u2019ju asistoj\u00eb sa her\u00eb q\u00eb keni nevoj\u00eb (+383) 046 602 601 Live chat info@maceqen.com Facebook Instagram Keni pyetje? Plot\u00ebsoni formularin m\u00eb posht\u00eb<\/p>\n","protected":false},"author":1,"featured_media":0,"parent":0,"menu_order":0,"comment_status":"closed","ping_status":"closed","template":"elementor_theme","meta":{"footnotes":""},"class_list":["post-314","page","type-page","status-publish","hentry"],"yoast_head":"<!-- This site is optimized with the Yoast SEO plugin v26.4 - https:\/\/yoast.com\/wordpress\/plugins\/seo\/ -->\n<title>Contact us - Maceqen<\/title>\n<meta name=\"robots\" content=\"index, follow, max-snippet:-1, max-image-preview:large, max-video-preview:-1\" \/>\n<link rel=\"canonical\" href=\"https:\/\/maceqen.com\/excelsior\/contact-us\/\" \/>\n<meta property=\"og:locale\" content=\"sq_AL\" \/>\n<meta property=\"og:type\" content=\"article\" \/>\n<meta property=\"og:title\" content=\"Contact us - Maceqen\" \/>\n<meta property=\"og:description\" content=\"Keni ndonj\u00eb pyetje p\u00ebr ne? Ekipi yn\u00eb \u00ebsht\u00eb gjithmon\u00eb gati t\u2019ju asistoj\u00eb sa her\u00eb q\u00eb keni nevoj\u00eb (+383) 046 602 601 Live chat info@maceqen.com Facebook Instagram Keni pyetje? Plot\u00ebsoni formularin m\u00eb posht\u00eb\" \/>\n<meta property=\"og:url\" content=\"https:\/\/maceqen.com\/excelsior\/contact-us\/\" \/>\n<meta property=\"og:site_name\" content=\"Maceqen\" \/>\n<meta property=\"article:publisher\" content=\"https:\/\/www.facebook.com\/profile.php?id=61566868653024\" \/>\n<meta property=\"article:modified_time\" content=\"2025-11-28T21:10:16+00:00\" \/>\n<meta property=\"og:image\" content=\"https:\/\/maceqen.com\/excelsior\/wp-content\/uploads\/2021\/10\/maceqen_transparent-e1724054286368-2.png\" \/>\n<meta name=\"twitter:card\" content=\"summary_large_image\" \/>\n<script type=\"application\/ld+json\" class=\"yoast-schema-graph\">{\"@context\":\"https:\/\/schema.org\",\"@graph\":[{\"@type\":\"WebPage\",\"@id\":\"https:\/\/maceqen.com\/excelsior\/contact-us\/\",\"url\":\"https:\/\/maceqen.com\/excelsior\/contact-us\/\",\"name\":\"Contact us - Maceqen\",\"isPartOf\":{\"@id\":\"https:\/\/maceqen.com\/excelsior\/#website\"},\"primaryImageOfPage\":{\"@id\":\"https:\/\/maceqen.com\/excelsior\/contact-us\/#primaryimage\"},\"image\":{\"@id\":\"https:\/\/maceqen.com\/excelsior\/contact-us\/#primaryimage\"},\"thumbnailUrl\":\"https:\/\/maceqen.com\/excelsior\/wp-content\/uploads\/2021\/10\/maceqen_transparent-e1724054286368-2.png\",\"datePublished\":\"2022-05-31T11:08:55+00:00\",\"dateModified\":\"2025-11-28T21:10:16+00:00\",\"breadcrumb\":{\"@id\":\"https:\/\/maceqen.com\/excelsior\/contact-us\/#breadcrumb\"},\"inLanguage\":\"sq\",\"potentialAction\":[{\"@type\":\"ReadAction\",\"target\":[\"https:\/\/maceqen.com\/excelsior\/contact-us\/\"]}]},{\"@type\":\"ImageObject\",\"inLanguage\":\"sq\",\"@id\":\"https:\/\/maceqen.com\/excelsior\/contact-us\/#primaryimage\",\"url\":\"https:\/\/maceqen.com\/excelsior\/wp-content\/uploads\/2021\/10\/maceqen_transparent-e1724054286368-2.png\",\"contentUrl\":\"https:\/\/maceqen.com\/excelsior\/wp-content\/uploads\/2021\/10\/maceqen_transparent-e1724054286368-2.png\",\"width\":1641,\"height\":727},{\"@type\":\"BreadcrumbList\",\"@id\":\"https:\/\/maceqen.com\/excelsior\/contact-us\/#breadcrumb\",\"itemListElement\":[{\"@type\":\"ListItem\",\"position\":1,\"name\":\"Home\",\"item\":\"https:\/\/maceqen.com\/excelsior\/\"},{\"@type\":\"ListItem\",\"position\":2,\"name\":\"Contact us\"}]},{\"@type\":\"WebSite\",\"@id\":\"https:\/\/maceqen.com\/excelsior\/#website\",\"url\":\"https:\/\/maceqen.com\/excelsior\/\",\"name\":\"Maceqen\",\"description\":\"Maceqen.com\",\"publisher\":{\"@id\":\"https:\/\/maceqen.com\/excelsior\/#organization\"},\"potentialAction\":[{\"@type\":\"SearchAction\",\"target\":{\"@type\":\"EntryPoint\",\"urlTemplate\":\"https:\/\/maceqen.com\/excelsior\/?s={search_term_string}\"},\"query-input\":{\"@type\":\"PropertyValueSpecification\",\"valueRequired\":true,\"valueName\":\"search_term_string\"}}],\"inLanguage\":\"sq\"},{\"@type\":\"Organization\",\"@id\":\"https:\/\/maceqen.com\/excelsior\/#organization\",\"name\":\"Maceqen\",\"url\":\"https:\/\/maceqen.com\/excelsior\/\",\"logo\":{\"@type\":\"ImageObject\",\"inLanguage\":\"sq\",\"@id\":\"https:\/\/maceqen.com\/excelsior\/#\/schema\/logo\/image\/\",\"url\":\"https:\/\/maceqen.com\/excelsior\/wp-content\/uploads\/2021\/10\/maceqen_transparent-e1724054286368-2.png\",\"contentUrl\":\"https:\/\/maceqen.com\/excelsior\/wp-content\/uploads\/2021\/10\/maceqen_transparent-e1724054286368-2.png\",\"width\":1641,\"height\":727,\"caption\":\"Maceqen\"},\"image\":{\"@id\":\"https:\/\/maceqen.com\/excelsior\/#\/schema\/logo\/image\/\"},\"sameAs\":[\"https:\/\/www.facebook.com\/profile.php?id=61566868653024\",\"https:\/\/www.instagram.com\/maceqen_\/\"]}]}<\/script>\n<!-- \/ Yoast SEO plugin. -->","yoast_head_json":{"title":"Contact us - Maceqen","robots":{"index":"index","follow":"follow","max-snippet":"max-snippet:-1","max-image-preview":"max-image-preview:large","max-video-preview":"max-video-preview:-1"},"canonical":"https:\/\/maceqen.com\/excelsior\/contact-us\/","og_locale":"sq_AL","og_type":"article","og_title":"Contact us - Maceqen","og_description":"Keni ndonj\u00eb pyetje p\u00ebr ne? Ekipi yn\u00eb \u00ebsht\u00eb gjithmon\u00eb gati t\u2019ju asistoj\u00eb sa her\u00eb q\u00eb keni nevoj\u00eb (+383) 046 602 601 Live chat info@maceqen.com Facebook Instagram Keni pyetje? Plot\u00ebsoni formularin m\u00eb posht\u00eb","og_url":"https:\/\/maceqen.com\/excelsior\/contact-us\/","og_site_name":"Maceqen","article_publisher":"https:\/\/www.facebook.com\/profile.php?id=61566868653024","article_modified_time":"2025-11-28T21:10:16+00:00","og_image":[{"url":"https:\/\/maceqen.com\/excelsior\/wp-content\/uploads\/2021\/10\/maceqen_transparent-e1724054286368-2.png","type":"","width":"","height":""}],"twitter_card":"summary_large_image","schema":{"@context":"https:\/\/schema.org","@graph":[{"@type":"WebPage","@id":"https:\/\/maceqen.com\/excelsior\/contact-us\/","url":"https:\/\/maceqen.com\/excelsior\/contact-us\/","name":"Contact us - Maceqen","isPartOf":{"@id":"https:\/\/maceqen.com\/excelsior\/#website"},"primaryImageOfPage":{"@id":"https:\/\/maceqen.com\/excelsior\/contact-us\/#primaryimage"},"image":{"@id":"https:\/\/maceqen.com\/excelsior\/contact-us\/#primaryimage"},"thumbnailUrl":"https:\/\/maceqen.com\/excelsior\/wp-content\/uploads\/2021\/10\/maceqen_transparent-e1724054286368-2.png","datePublished":"2022-05-31T11:08:55+00:00","dateModified":"2025-11-28T21:10:16+00:00","breadcrumb":{"@id":"https:\/\/maceqen.com\/excelsior\/contact-us\/#breadcrumb"},"inLanguage":"sq","potentialAction":[{"@type":"ReadAction","target":["https:\/\/maceqen.com\/excelsior\/contact-us\/"]}]},{"@type":"ImageObject","inLanguage":"sq","@id":"https:\/\/maceqen.com\/excelsior\/contact-us\/#primaryimage","url":"https:\/\/maceqen.com\/excelsior\/wp-content\/uploads\/2021\/10\/maceqen_transparent-e1724054286368-2.png","contentUrl":"https:\/\/maceqen.com\/excelsior\/wp-content\/uploads\/2021\/10\/maceqen_transparent-e1724054286368-2.png","width":1641,"height":727},{"@type":"BreadcrumbList","@id":"https:\/\/maceqen.com\/excelsior\/contact-us\/#breadcrumb","itemListElement":[{"@type":"ListItem","position":1,"name":"Home","item":"https:\/\/maceqen.com\/excelsior\/"},{"@type":"ListItem","position":2,"name":"Contact us"}]},{"@type":"WebSite","@id":"https:\/\/maceqen.com\/excelsior\/#website","url":"https:\/\/maceqen.com\/excelsior\/","name":"Maceqen","description":"Maceqen.com","publisher":{"@id":"https:\/\/maceqen.com\/excelsior\/#organization"},"potentialAction":[{"@type":"SearchAction","target":{"@type":"EntryPoint","urlTemplate":"https:\/\/maceqen.com\/excelsior\/?s={search_term_string}"},"query-input":{"@type":"PropertyValueSpecification","valueRequired":true,"valueName":"search_term_string"}}],"inLanguage":"sq"},{"@type":"Organization","@id":"https:\/\/maceqen.com\/excelsior\/#organization","name":"Maceqen","url":"https:\/\/maceqen.com\/excelsior\/","logo":{"@type":"ImageObject","inLanguage":"sq","@id":"https:\/\/maceqen.com\/excelsior\/#\/schema\/logo\/image\/","url":"https:\/\/maceqen.com\/excelsior\/wp-content\/uploads\/2021\/10\/maceqen_transparent-e1724054286368-2.png","contentUrl":"https:\/\/maceqen.com\/excelsior\/wp-content\/uploads\/2021\/10\/maceqen_transparent-e1724054286368-2.png","width":1641,"height":727,"caption":"Maceqen"},"image":{"@id":"https:\/\/maceqen.com\/excelsior\/#\/schema\/logo\/image\/"},"sameAs":["https:\/\/www.facebook.com\/profile.php?id=61566868653024","https:\/\/www.instagram.com\/maceqen_\/"]}]}},"_links":{"self":[{"href":"https:\/\/maceqen.com\/excelsior\/wp-json\/wp\/v2\/pages\/314","targetHints":{"allow":["GET"]}}],"collection":[{"href":"https:\/\/maceqen.com\/excelsior\/wp-json\/wp\/v2\/pages"}],"about":[{"href":"https:\/\/maceqen.com\/excelsior\/wp-json\/wp\/v2\/types\/page"}],"author":[{"embeddable":true,"href":"https:\/\/maceqen.com\/excelsior\/wp-json\/wp\/v2\/users\/1"}],"replies":[{"embeddable":true,"href":"https:\/\/maceqen.com\/excelsior\/wp-json\/wp\/v2\/comments?post=314"}],"version-history":[{"count":19,"href":"https:\/\/maceqen.com\/excelsior\/wp-json\/wp\/v2\/pages\/314\/revisions"}],"predecessor-version":[{"id":9068,"href":"https:\/\/maceqen.com\/excelsior\/wp-json\/wp\/v2\/pages\/314\/revisions\/9068"}],"wp:attachment":[{"href":"https:\/\/maceqen.com\/excelsior\/wp-json\/wp\/v2\/media?parent=314"}],"curies":[{"name":"wp","href":"https:\/\/api.w.org\/{rel}","templated":true}]}}