{"id":6737,"date":"2024-09-18T14:57:15","date_gmt":"2024-09-18T14:57:15","guid":{"rendered":"http:\/\/maceqen.com\/?post_type=product&#038;p=6737"},"modified":"2025-01-02T11:24:34","modified_gmt":"2025-01-02T11:24:34","slug":"loder-per-mace-5","status":"publish","type":"product","link":"https:\/\/maceqen.com\/excelsior\/en\/product\/loder-per-mace-5\/","title":{"rendered":"Loder per mace"},"content":{"rendered":"<p>Matatabi \u00cbsht\u00eb nj\u00eb bim\u00eb 100% natyrale q\u00eb mund t\u00eb p\u00ebrdoret edhe gjate rritjes n\u00eb natyr\u00eb. Ka nj\u00eb efekt stimulues tek macet. Stimulon n\u00eb 60-70% sjellje arg\u00ebtuese si f\u00ebrkimi, rrotullimi dhe k\u00ebrcimi. Siguron gjithashtu pastrimin e dh\u00ebmb\u00ebve duke aktivizuar impulsin e p\u00ebrtypjes. Efekti i tij mund t\u00eb varioj\u00eb nga 5-30 minuta, ai do t\u00eb intrigohet s\u00ebrish m\u00eb von\u00eb. Perdoret edhe p\u00ebr st\u00ebrvitjen tek macet me probleme me pesh\u00ebn. Matatabi \u00ebsht\u00eb shum\u00eb efektiv tek macja dhe nuk e d\u00ebmton macen tuaj. Nuk ka mbidoz\u00eb te saj pasi \u00ebsht\u00eb e tretshme, \u00ebsht\u00eb n\u00eb rregull q\u00eb macja juaj t\u00eb haj\u00eb.<\/p>","protected":false},"excerpt":{"rendered":"<p>Matatabi \u00cbsht\u00eb nj\u00eb bim\u00eb 100% natyrale q\u00eb mund t\u00eb p\u00ebrdoret edhe gjate rritjes n\u00eb natyr\u00eb. Ka nj\u00eb efekt stimulues tek macet. Stimulon n\u00eb 60-70% sjellje arg\u00ebtuese si f\u00ebrkimi, rrotullimi dhe k\u00ebrcimi. Siguron gjithashtu pastrimin e dh\u00ebmb\u00ebve duke aktivizuar impulsin e p\u00ebrtypjes. Efekti i tij mund t\u00eb varioj\u00eb nga 5-30 minuta, ai do t\u00eb intrigohet s\u00ebrish [&hellip;]<\/p>","protected":false},"featured_media":6740,"template":"","meta":[],"product_brand":[],"product_cat":[71,149],"product_tag":[],"class_list":{"0":"post-6737","1":"product","2":"type-product","3":"status-publish","4":"has-post-thumbnail","6":"product_cat-mace","7":"product_cat-lodra-mace","9":"first","10":"instock","11":"shipping-taxable","12":"purchasable","13":"product-type-simple"},"yoast_head":"<!-- This site is optimized with the Yoast SEO plugin v26.4 - https:\/\/yoast.com\/wordpress\/plugins\/seo\/ -->\n<title>Loder per mace - Maceqen<\/title>\n<meta name=\"robots\" content=\"index, follow, max-snippet:-1, max-image-preview:large, max-video-preview:-1\" \/>\n<link rel=\"canonical\" href=\"https:\/\/maceqen.com\/excelsior\/en\/product\/loder-per-mace-5\/\" \/>\n<meta property=\"og:locale\" content=\"en_GB\" \/>\n<meta property=\"og:type\" content=\"article\" \/>\n<meta property=\"og:title\" content=\"Loder per mace - Maceqen\" \/>\n<meta property=\"og:description\" content=\"Matatabi \u00cbsht\u00eb nj\u00eb bim\u00eb 100% natyrale q\u00eb mund t\u00eb p\u00ebrdoret edhe gjate rritjes n\u00eb natyr\u00eb. Ka nj\u00eb efekt stimulues tek macet. Stimulon n\u00eb 60-70% sjellje arg\u00ebtuese si f\u00ebrkimi, rrotullimi dhe k\u00ebrcimi. Siguron gjithashtu pastrimin e dh\u00ebmb\u00ebve duke aktivizuar impulsin e p\u00ebrtypjes. Efekti i tij mund t\u00eb varioj\u00eb nga 5-30 minuta, ai do t\u00eb intrigohet s\u00ebrish [&hellip;]\" \/>\n<meta property=\"og:url\" content=\"https:\/\/maceqen.com\/excelsior\/en\/product\/loder-per-mace-5\/\" \/>\n<meta property=\"og:site_name\" content=\"Maceqen\" \/>\n<meta property=\"article:publisher\" content=\"https:\/\/www.facebook.com\/profile.php?id=61566868653024\" \/>\n<meta property=\"article:modified_time\" content=\"2025-01-02T11:24:34+00:00\" \/>\n<meta property=\"og:image\" content=\"https:\/\/maceqen.com\/excelsior\/wp-content\/uploads\/2024\/09\/matatabi-cats-soi-sesli-tuylu-pelus-ke-fac525.jpg\" \/>\n\t<meta property=\"og:image:width\" content=\"1000\" \/>\n\t<meta property=\"og:image:height\" content=\"1500\" \/>\n\t<meta property=\"og:image:type\" content=\"image\/jpeg\" \/>\n<meta name=\"twitter:card\" content=\"summary_large_image\" \/>\n<meta name=\"twitter:label1\" content=\"Estimated reading time\" \/>\n\t<meta name=\"twitter:data1\" content=\"1 minute\" \/>\n<script type=\"application\/ld+json\" class=\"yoast-schema-graph\">{\"@context\":\"https:\/\/schema.org\",\"@graph\":[{\"@type\":\"WebPage\",\"@id\":\"https:\/\/maceqen.com\/excelsior\/en\/product\/loder-per-mace-5\/\",\"url\":\"https:\/\/maceqen.com\/excelsior\/en\/product\/loder-per-mace-5\/\",\"name\":\"Loder per mace - Maceqen\",\"isPartOf\":{\"@id\":\"https:\/\/maceqen.com\/excelsior\/en\/#website\"},\"primaryImageOfPage\":{\"@id\":\"https:\/\/maceqen.com\/excelsior\/en\/product\/loder-per-mace-5\/#primaryimage\"},\"image\":{\"@id\":\"https:\/\/maceqen.com\/excelsior\/en\/product\/loder-per-mace-5\/#primaryimage\"},\"thumbnailUrl\":\"https:\/\/maceqen.com\/excelsior\/wp-content\/uploads\/2024\/09\/matatabi-cats-soi-sesli-tuylu-pelus-ke-fac525.jpg\",\"datePublished\":\"2024-09-18T14:57:15+00:00\",\"dateModified\":\"2025-01-02T11:24:34+00:00\",\"breadcrumb\":{\"@id\":\"https:\/\/maceqen.com\/excelsior\/en\/product\/loder-per-mace-5\/#breadcrumb\"},\"inLanguage\":\"en-GB\",\"potentialAction\":[{\"@type\":\"ReadAction\",\"target\":[\"https:\/\/maceqen.com\/excelsior\/en\/product\/loder-per-mace-5\/\"]}]},{\"@type\":\"ImageObject\",\"inLanguage\":\"en-GB\",\"@id\":\"https:\/\/maceqen.com\/excelsior\/en\/product\/loder-per-mace-5\/#primaryimage\",\"url\":\"https:\/\/maceqen.com\/excelsior\/wp-content\/uploads\/2024\/09\/matatabi-cats-soi-sesli-tuylu-pelus-ke-fac525.jpg\",\"contentUrl\":\"https:\/\/maceqen.com\/excelsior\/wp-content\/uploads\/2024\/09\/matatabi-cats-soi-sesli-tuylu-pelus-ke-fac525.jpg\",\"width\":1000,\"height\":1500},{\"@type\":\"BreadcrumbList\",\"@id\":\"https:\/\/maceqen.com\/excelsior\/en\/product\/loder-per-mace-5\/#breadcrumb\",\"itemListElement\":[{\"@type\":\"ListItem\",\"position\":1,\"name\":\"Home\",\"item\":\"https:\/\/maceqen.com\/excelsior\/en\/\"},{\"@type\":\"ListItem\",\"position\":2,\"name\":\"Shop\",\"item\":\"https:\/\/maceqen.com\/excelsior\/en\/shop\/\"},{\"@type\":\"ListItem\",\"position\":3,\"name\":\"Loder per mace\"}]},{\"@type\":\"WebSite\",\"@id\":\"https:\/\/maceqen.com\/excelsior\/en\/#website\",\"url\":\"https:\/\/maceqen.com\/excelsior\/en\/\",\"name\":\"Maceqen\",\"description\":\"Maceqen.com\",\"publisher\":{\"@id\":\"https:\/\/maceqen.com\/excelsior\/en\/#organization\"},\"potentialAction\":[{\"@type\":\"SearchAction\",\"target\":{\"@type\":\"EntryPoint\",\"urlTemplate\":\"https:\/\/maceqen.com\/excelsior\/en\/?s={search_term_string}\"},\"query-input\":{\"@type\":\"PropertyValueSpecification\",\"valueRequired\":true,\"valueName\":\"search_term_string\"}}],\"inLanguage\":\"en-GB\"},{\"@type\":\"Organization\",\"@id\":\"https:\/\/maceqen.com\/excelsior\/en\/#organization\",\"name\":\"Maceqen\",\"url\":\"https:\/\/maceqen.com\/excelsior\/en\/\",\"logo\":{\"@type\":\"ImageObject\",\"inLanguage\":\"en-GB\",\"@id\":\"https:\/\/maceqen.com\/excelsior\/en\/#\/schema\/logo\/image\/\",\"url\":\"https:\/\/maceqen.com\/excelsior\/wp-content\/uploads\/2021\/10\/maceqen_transparent-e1724054286368-2.png\",\"contentUrl\":\"https:\/\/maceqen.com\/excelsior\/wp-content\/uploads\/2021\/10\/maceqen_transparent-e1724054286368-2.png\",\"width\":1641,\"height\":727,\"caption\":\"Maceqen\"},\"image\":{\"@id\":\"https:\/\/maceqen.com\/excelsior\/en\/#\/schema\/logo\/image\/\"},\"sameAs\":[\"https:\/\/www.facebook.com\/profile.php?id=61566868653024\",\"https:\/\/www.instagram.com\/maceqen_\/\"]}]}<\/script>\n<!-- \/ Yoast SEO plugin. -->","yoast_head_json":{"title":"Loder per mace - Maceqen","robots":{"index":"index","follow":"follow","max-snippet":"max-snippet:-1","max-image-preview":"max-image-preview:large","max-video-preview":"max-video-preview:-1"},"canonical":"https:\/\/maceqen.com\/excelsior\/en\/product\/loder-per-mace-5\/","og_locale":"en_GB","og_type":"article","og_title":"Loder per mace - Maceqen","og_description":"Matatabi \u00cbsht\u00eb nj\u00eb bim\u00eb 100% natyrale q\u00eb mund t\u00eb p\u00ebrdoret edhe gjate rritjes n\u00eb natyr\u00eb. Ka nj\u00eb efekt stimulues tek macet. Stimulon n\u00eb 60-70% sjellje arg\u00ebtuese si f\u00ebrkimi, rrotullimi dhe k\u00ebrcimi. Siguron gjithashtu pastrimin e dh\u00ebmb\u00ebve duke aktivizuar impulsin e p\u00ebrtypjes. Efekti i tij mund t\u00eb varioj\u00eb nga 5-30 minuta, ai do t\u00eb intrigohet s\u00ebrish [&hellip;]","og_url":"https:\/\/maceqen.com\/excelsior\/en\/product\/loder-per-mace-5\/","og_site_name":"Maceqen","article_publisher":"https:\/\/www.facebook.com\/profile.php?id=61566868653024","article_modified_time":"2025-01-02T11:24:34+00:00","og_image":[{"width":1000,"height":1500,"url":"https:\/\/maceqen.com\/excelsior\/wp-content\/uploads\/2024\/09\/matatabi-cats-soi-sesli-tuylu-pelus-ke-fac525.jpg","type":"image\/jpeg"}],"twitter_card":"summary_large_image","twitter_misc":{"Estimated reading time":"1 minute"},"schema":{"@context":"https:\/\/schema.org","@graph":[{"@type":"WebPage","@id":"https:\/\/maceqen.com\/excelsior\/en\/product\/loder-per-mace-5\/","url":"https:\/\/maceqen.com\/excelsior\/en\/product\/loder-per-mace-5\/","name":"Loder per mace - Maceqen","isPartOf":{"@id":"https:\/\/maceqen.com\/excelsior\/en\/#website"},"primaryImageOfPage":{"@id":"https:\/\/maceqen.com\/excelsior\/en\/product\/loder-per-mace-5\/#primaryimage"},"image":{"@id":"https:\/\/maceqen.com\/excelsior\/en\/product\/loder-per-mace-5\/#primaryimage"},"thumbnailUrl":"https:\/\/maceqen.com\/excelsior\/wp-content\/uploads\/2024\/09\/matatabi-cats-soi-sesli-tuylu-pelus-ke-fac525.jpg","datePublished":"2024-09-18T14:57:15+00:00","dateModified":"2025-01-02T11:24:34+00:00","breadcrumb":{"@id":"https:\/\/maceqen.com\/excelsior\/en\/product\/loder-per-mace-5\/#breadcrumb"},"inLanguage":"en-GB","potentialAction":[{"@type":"ReadAction","target":["https:\/\/maceqen.com\/excelsior\/en\/product\/loder-per-mace-5\/"]}]},{"@type":"ImageObject","inLanguage":"en-GB","@id":"https:\/\/maceqen.com\/excelsior\/en\/product\/loder-per-mace-5\/#primaryimage","url":"https:\/\/maceqen.com\/excelsior\/wp-content\/uploads\/2024\/09\/matatabi-cats-soi-sesli-tuylu-pelus-ke-fac525.jpg","contentUrl":"https:\/\/maceqen.com\/excelsior\/wp-content\/uploads\/2024\/09\/matatabi-cats-soi-sesli-tuylu-pelus-ke-fac525.jpg","width":1000,"height":1500},{"@type":"BreadcrumbList","@id":"https:\/\/maceqen.com\/excelsior\/en\/product\/loder-per-mace-5\/#breadcrumb","itemListElement":[{"@type":"ListItem","position":1,"name":"Home","item":"https:\/\/maceqen.com\/excelsior\/en\/"},{"@type":"ListItem","position":2,"name":"Shop","item":"https:\/\/maceqen.com\/excelsior\/en\/shop\/"},{"@type":"ListItem","position":3,"name":"Loder per mace"}]},{"@type":"WebSite","@id":"https:\/\/maceqen.com\/excelsior\/en\/#website","url":"https:\/\/maceqen.com\/excelsior\/en\/","name":"Maceqen","description":"Maceqen.com","publisher":{"@id":"https:\/\/maceqen.com\/excelsior\/en\/#organization"},"potentialAction":[{"@type":"SearchAction","target":{"@type":"EntryPoint","urlTemplate":"https:\/\/maceqen.com\/excelsior\/en\/?s={search_term_string}"},"query-input":{"@type":"PropertyValueSpecification","valueRequired":true,"valueName":"search_term_string"}}],"inLanguage":"en-GB"},{"@type":"Organization","@id":"https:\/\/maceqen.com\/excelsior\/en\/#organization","name":"Maceqen","url":"https:\/\/maceqen.com\/excelsior\/en\/","logo":{"@type":"ImageObject","inLanguage":"en-GB","@id":"https:\/\/maceqen.com\/excelsior\/en\/#\/schema\/logo\/image\/","url":"https:\/\/maceqen.com\/excelsior\/wp-content\/uploads\/2021\/10\/maceqen_transparent-e1724054286368-2.png","contentUrl":"https:\/\/maceqen.com\/excelsior\/wp-content\/uploads\/2021\/10\/maceqen_transparent-e1724054286368-2.png","width":1641,"height":727,"caption":"Maceqen"},"image":{"@id":"https:\/\/maceqen.com\/excelsior\/en\/#\/schema\/logo\/image\/"},"sameAs":["https:\/\/www.facebook.com\/profile.php?id=61566868653024","https:\/\/www.instagram.com\/maceqen_\/"]}]}},"_links":{"self":[{"href":"https:\/\/maceqen.com\/excelsior\/en\/wp-json\/wp\/v2\/product\/6737","targetHints":{"allow":["GET"]}}],"collection":[{"href":"https:\/\/maceqen.com\/excelsior\/en\/wp-json\/wp\/v2\/product"}],"about":[{"href":"https:\/\/maceqen.com\/excelsior\/en\/wp-json\/wp\/v2\/types\/product"}],"wp:featuredmedia":[{"embeddable":true,"href":"https:\/\/maceqen.com\/excelsior\/en\/wp-json\/wp\/v2\/media\/6740"}],"wp:attachment":[{"href":"https:\/\/maceqen.com\/excelsior\/en\/wp-json\/wp\/v2\/media?parent=6737"}],"wp:term":[{"taxonomy":"product_brand","embeddable":true,"href":"https:\/\/maceqen.com\/excelsior\/en\/wp-json\/wp\/v2\/product_brand?post=6737"},{"taxonomy":"product_cat","embeddable":true,"href":"https:\/\/maceqen.com\/excelsior\/en\/wp-json\/wp\/v2\/product_cat?post=6737"},{"taxonomy":"product_tag","embeddable":true,"href":"https:\/\/maceqen.com\/excelsior\/en\/wp-json\/wp\/v2\/product_tag?post=6737"}],"curies":[{"name":"wp","href":"https:\/\/api.w.org\/{rel}","templated":true}]}}