{"id":6257,"date":"2024-08-20T11:54:26","date_gmt":"2024-08-20T11:54:26","guid":{"rendered":"http:\/\/maceqen.com\/?post_type=product&#038;p=6257"},"modified":"2025-01-02T11:21:02","modified_gmt":"2025-01-02T11:21:02","slug":"hemovet-60-tableta","status":"publish","type":"product","link":"https:\/\/maceqen.com\/excelsior\/en\/product\/hemovet-60-tableta\/","title":{"rendered":"Hemovet, 60 tableta"},"content":{"rendered":"<p>Preparat mb\u00ebshtet\u00ebs p\u00ebr qent\u00eb me simptoma t\u00eb anemis\u00eb, p\u00ebrmban substanca t\u00eb nevojshme p\u00ebr procesin hematopoietik. Rekomandohet si nj\u00eb suplement q\u00eb mb\u00ebshtet infestimet me Babesia canis, anemin\u00eb dhe pas heqjes s\u00eb shpretk\u00ebs. Mb\u00ebshtet palc\u00ebn e eshtrave, siguron hekur heme shum\u00eb t\u00eb absorbuesh\u00ebm, mb\u00ebshtet prodhimin e rruazave t\u00eb kuqe t\u00eb gjakut, hemoglobin\u00ebn dhe transportin e oksigjenit dhe leht\u00ebson rikuperimin.<\/p>\n<p>Pse HemoVet?<\/p>\n<p>p\u00ebrmban hekur heme shum\u00eb t\u00eb absorbuesh\u00ebm<br \/>\np\u00ebrmban p\u00ebrb\u00ebr\u00ebs t\u00eb p\u00ebrfshir\u00eb n\u00eb procesin e formimit t\u00eb gjakut<br \/>\nhekuri i p\u00ebrfshir\u00eb n\u00eb HemoVet mb\u00ebshtet transportin e duhur t\u00eb oksigjenit n\u00eb trup.<\/p>\n<p>&nbsp;<\/p>\n<p>P\u00ebrb\u00ebr\u00ebsit aktiv\u00eb: hekur, bak\u00ebr, vitamin\u00eb B6, vitamin\u00eb B12, acid folik, vitamin\u00eb C.<\/p>","protected":false},"excerpt":{"rendered":"<p>Preparat mb\u00ebshtet\u00ebs p\u00ebr qent\u00eb me simptoma t\u00eb anemis\u00eb, p\u00ebrmban substanca t\u00eb nevojshme p\u00ebr procesin hematopoietik. Rekomandohet si nj\u00eb suplement q\u00eb mb\u00ebshtet infestimet me Babesia canis, anemin\u00eb dhe pas heqjes s\u00eb shpretk\u00ebs. Mb\u00ebshtet palc\u00ebn e eshtrave, siguron hekur heme shum\u00eb t\u00eb absorbuesh\u00ebm, mb\u00ebshtet prodhimin e rruazave t\u00eb kuqe t\u00eb gjakut, hemoglobin\u00ebn dhe transportin e oksigjenit dhe [&hellip;]<\/p>","protected":false},"featured_media":6258,"template":"","meta":[],"product_brand":[],"product_cat":[72,141],"product_tag":[],"class_list":{"0":"post-6257","1":"product","2":"type-product","3":"status-publish","4":"has-post-thumbnail","6":"product_cat-qen","7":"product_cat-produkte-veterinare","9":"first","10":"instock","11":"shipping-taxable","12":"purchasable","13":"product-type-simple"},"yoast_head":"<!-- This site is optimized with the Yoast SEO plugin v26.4 - https:\/\/yoast.com\/wordpress\/plugins\/seo\/ -->\n<title>Hemovet, 60 tableta - Maceqen<\/title>\n<meta name=\"robots\" content=\"index, follow, max-snippet:-1, max-image-preview:large, max-video-preview:-1\" \/>\n<link rel=\"canonical\" href=\"https:\/\/maceqen.com\/excelsior\/en\/product\/hemovet-60-tableta\/\" \/>\n<meta property=\"og:locale\" content=\"en_GB\" \/>\n<meta property=\"og:type\" content=\"article\" \/>\n<meta property=\"og:title\" content=\"Hemovet, 60 tableta - Maceqen\" \/>\n<meta property=\"og:description\" content=\"Preparat mb\u00ebshtet\u00ebs p\u00ebr qent\u00eb me simptoma t\u00eb anemis\u00eb, p\u00ebrmban substanca t\u00eb nevojshme p\u00ebr procesin hematopoietik. Rekomandohet si nj\u00eb suplement q\u00eb mb\u00ebshtet infestimet me Babesia canis, anemin\u00eb dhe pas heqjes s\u00eb shpretk\u00ebs. Mb\u00ebshtet palc\u00ebn e eshtrave, siguron hekur heme shum\u00eb t\u00eb absorbuesh\u00ebm, mb\u00ebshtet prodhimin e rruazave t\u00eb kuqe t\u00eb gjakut, hemoglobin\u00ebn dhe transportin e oksigjenit dhe [&hellip;]\" \/>\n<meta property=\"og:url\" content=\"https:\/\/maceqen.com\/excelsior\/en\/product\/hemovet-60-tableta\/\" \/>\n<meta property=\"og:site_name\" content=\"Maceqen\" \/>\n<meta property=\"article:publisher\" content=\"https:\/\/www.facebook.com\/profile.php?id=61566868653024\" \/>\n<meta property=\"article:modified_time\" content=\"2025-01-02T11:21:02+00:00\" \/>\n<meta property=\"og:image\" content=\"https:\/\/maceqen.com\/excelsior\/wp-content\/uploads\/2024\/08\/Hemovet_20180525_1-1536x1086-1.jpg\" \/>\n\t<meta property=\"og:image:width\" content=\"1536\" \/>\n\t<meta property=\"og:image:height\" content=\"1086\" \/>\n\t<meta property=\"og:image:type\" content=\"image\/jpeg\" \/>\n<meta name=\"twitter:card\" content=\"summary_large_image\" \/>\n<meta name=\"twitter:label1\" content=\"Estimated reading time\" \/>\n\t<meta name=\"twitter:data1\" content=\"1 minute\" \/>\n<script type=\"application\/ld+json\" class=\"yoast-schema-graph\">{\"@context\":\"https:\/\/schema.org\",\"@graph\":[{\"@type\":\"WebPage\",\"@id\":\"https:\/\/maceqen.com\/excelsior\/en\/product\/hemovet-60-tableta\/\",\"url\":\"https:\/\/maceqen.com\/excelsior\/en\/product\/hemovet-60-tableta\/\",\"name\":\"Hemovet, 60 tableta - Maceqen\",\"isPartOf\":{\"@id\":\"https:\/\/maceqen.com\/excelsior\/en\/#website\"},\"primaryImageOfPage\":{\"@id\":\"https:\/\/maceqen.com\/excelsior\/en\/product\/hemovet-60-tableta\/#primaryimage\"},\"image\":{\"@id\":\"https:\/\/maceqen.com\/excelsior\/en\/product\/hemovet-60-tableta\/#primaryimage\"},\"thumbnailUrl\":\"https:\/\/maceqen.com\/excelsior\/wp-content\/uploads\/2024\/08\/Hemovet_20180525_1-1536x1086-1.jpg\",\"datePublished\":\"2024-08-20T11:54:26+00:00\",\"dateModified\":\"2025-01-02T11:21:02+00:00\",\"breadcrumb\":{\"@id\":\"https:\/\/maceqen.com\/excelsior\/en\/product\/hemovet-60-tableta\/#breadcrumb\"},\"inLanguage\":\"en-GB\",\"potentialAction\":[{\"@type\":\"ReadAction\",\"target\":[\"https:\/\/maceqen.com\/excelsior\/en\/product\/hemovet-60-tableta\/\"]}]},{\"@type\":\"ImageObject\",\"inLanguage\":\"en-GB\",\"@id\":\"https:\/\/maceqen.com\/excelsior\/en\/product\/hemovet-60-tableta\/#primaryimage\",\"url\":\"https:\/\/maceqen.com\/excelsior\/wp-content\/uploads\/2024\/08\/Hemovet_20180525_1-1536x1086-1.jpg\",\"contentUrl\":\"https:\/\/maceqen.com\/excelsior\/wp-content\/uploads\/2024\/08\/Hemovet_20180525_1-1536x1086-1.jpg\",\"width\":1536,\"height\":1086},{\"@type\":\"BreadcrumbList\",\"@id\":\"https:\/\/maceqen.com\/excelsior\/en\/product\/hemovet-60-tableta\/#breadcrumb\",\"itemListElement\":[{\"@type\":\"ListItem\",\"position\":1,\"name\":\"Home\",\"item\":\"https:\/\/maceqen.com\/excelsior\/en\/\"},{\"@type\":\"ListItem\",\"position\":2,\"name\":\"Shop\",\"item\":\"https:\/\/maceqen.com\/excelsior\/en\/shop\/\"},{\"@type\":\"ListItem\",\"position\":3,\"name\":\"Hemovet, 60 tableta\"}]},{\"@type\":\"WebSite\",\"@id\":\"https:\/\/maceqen.com\/excelsior\/en\/#website\",\"url\":\"https:\/\/maceqen.com\/excelsior\/en\/\",\"name\":\"Maceqen\",\"description\":\"Maceqen.com\",\"publisher\":{\"@id\":\"https:\/\/maceqen.com\/excelsior\/en\/#organization\"},\"potentialAction\":[{\"@type\":\"SearchAction\",\"target\":{\"@type\":\"EntryPoint\",\"urlTemplate\":\"https:\/\/maceqen.com\/excelsior\/en\/?s={search_term_string}\"},\"query-input\":{\"@type\":\"PropertyValueSpecification\",\"valueRequired\":true,\"valueName\":\"search_term_string\"}}],\"inLanguage\":\"en-GB\"},{\"@type\":\"Organization\",\"@id\":\"https:\/\/maceqen.com\/excelsior\/en\/#organization\",\"name\":\"Maceqen\",\"url\":\"https:\/\/maceqen.com\/excelsior\/en\/\",\"logo\":{\"@type\":\"ImageObject\",\"inLanguage\":\"en-GB\",\"@id\":\"https:\/\/maceqen.com\/excelsior\/en\/#\/schema\/logo\/image\/\",\"url\":\"https:\/\/maceqen.com\/excelsior\/wp-content\/uploads\/2021\/10\/maceqen_transparent-e1724054286368-2.png\",\"contentUrl\":\"https:\/\/maceqen.com\/excelsior\/wp-content\/uploads\/2021\/10\/maceqen_transparent-e1724054286368-2.png\",\"width\":1641,\"height\":727,\"caption\":\"Maceqen\"},\"image\":{\"@id\":\"https:\/\/maceqen.com\/excelsior\/en\/#\/schema\/logo\/image\/\"},\"sameAs\":[\"https:\/\/www.facebook.com\/profile.php?id=61566868653024\",\"https:\/\/www.instagram.com\/maceqen_\/\"]}]}<\/script>\n<!-- \/ Yoast SEO plugin. -->","yoast_head_json":{"title":"Hemovet, 60 tableta - Maceqen","robots":{"index":"index","follow":"follow","max-snippet":"max-snippet:-1","max-image-preview":"max-image-preview:large","max-video-preview":"max-video-preview:-1"},"canonical":"https:\/\/maceqen.com\/excelsior\/en\/product\/hemovet-60-tableta\/","og_locale":"en_GB","og_type":"article","og_title":"Hemovet, 60 tableta - Maceqen","og_description":"Preparat mb\u00ebshtet\u00ebs p\u00ebr qent\u00eb me simptoma t\u00eb anemis\u00eb, p\u00ebrmban substanca t\u00eb nevojshme p\u00ebr procesin hematopoietik. Rekomandohet si nj\u00eb suplement q\u00eb mb\u00ebshtet infestimet me Babesia canis, anemin\u00eb dhe pas heqjes s\u00eb shpretk\u00ebs. Mb\u00ebshtet palc\u00ebn e eshtrave, siguron hekur heme shum\u00eb t\u00eb absorbuesh\u00ebm, mb\u00ebshtet prodhimin e rruazave t\u00eb kuqe t\u00eb gjakut, hemoglobin\u00ebn dhe transportin e oksigjenit dhe [&hellip;]","og_url":"https:\/\/maceqen.com\/excelsior\/en\/product\/hemovet-60-tableta\/","og_site_name":"Maceqen","article_publisher":"https:\/\/www.facebook.com\/profile.php?id=61566868653024","article_modified_time":"2025-01-02T11:21:02+00:00","og_image":[{"width":1536,"height":1086,"url":"https:\/\/maceqen.com\/excelsior\/wp-content\/uploads\/2024\/08\/Hemovet_20180525_1-1536x1086-1.jpg","type":"image\/jpeg"}],"twitter_card":"summary_large_image","twitter_misc":{"Estimated reading time":"1 minute"},"schema":{"@context":"https:\/\/schema.org","@graph":[{"@type":"WebPage","@id":"https:\/\/maceqen.com\/excelsior\/en\/product\/hemovet-60-tableta\/","url":"https:\/\/maceqen.com\/excelsior\/en\/product\/hemovet-60-tableta\/","name":"Hemovet, 60 tableta - Maceqen","isPartOf":{"@id":"https:\/\/maceqen.com\/excelsior\/en\/#website"},"primaryImageOfPage":{"@id":"https:\/\/maceqen.com\/excelsior\/en\/product\/hemovet-60-tableta\/#primaryimage"},"image":{"@id":"https:\/\/maceqen.com\/excelsior\/en\/product\/hemovet-60-tableta\/#primaryimage"},"thumbnailUrl":"https:\/\/maceqen.com\/excelsior\/wp-content\/uploads\/2024\/08\/Hemovet_20180525_1-1536x1086-1.jpg","datePublished":"2024-08-20T11:54:26+00:00","dateModified":"2025-01-02T11:21:02+00:00","breadcrumb":{"@id":"https:\/\/maceqen.com\/excelsior\/en\/product\/hemovet-60-tableta\/#breadcrumb"},"inLanguage":"en-GB","potentialAction":[{"@type":"ReadAction","target":["https:\/\/maceqen.com\/excelsior\/en\/product\/hemovet-60-tableta\/"]}]},{"@type":"ImageObject","inLanguage":"en-GB","@id":"https:\/\/maceqen.com\/excelsior\/en\/product\/hemovet-60-tableta\/#primaryimage","url":"https:\/\/maceqen.com\/excelsior\/wp-content\/uploads\/2024\/08\/Hemovet_20180525_1-1536x1086-1.jpg","contentUrl":"https:\/\/maceqen.com\/excelsior\/wp-content\/uploads\/2024\/08\/Hemovet_20180525_1-1536x1086-1.jpg","width":1536,"height":1086},{"@type":"BreadcrumbList","@id":"https:\/\/maceqen.com\/excelsior\/en\/product\/hemovet-60-tableta\/#breadcrumb","itemListElement":[{"@type":"ListItem","position":1,"name":"Home","item":"https:\/\/maceqen.com\/excelsior\/en\/"},{"@type":"ListItem","position":2,"name":"Shop","item":"https:\/\/maceqen.com\/excelsior\/en\/shop\/"},{"@type":"ListItem","position":3,"name":"Hemovet, 60 tableta"}]},{"@type":"WebSite","@id":"https:\/\/maceqen.com\/excelsior\/en\/#website","url":"https:\/\/maceqen.com\/excelsior\/en\/","name":"Maceqen","description":"Maceqen.com","publisher":{"@id":"https:\/\/maceqen.com\/excelsior\/en\/#organization"},"potentialAction":[{"@type":"SearchAction","target":{"@type":"EntryPoint","urlTemplate":"https:\/\/maceqen.com\/excelsior\/en\/?s={search_term_string}"},"query-input":{"@type":"PropertyValueSpecification","valueRequired":true,"valueName":"search_term_string"}}],"inLanguage":"en-GB"},{"@type":"Organization","@id":"https:\/\/maceqen.com\/excelsior\/en\/#organization","name":"Maceqen","url":"https:\/\/maceqen.com\/excelsior\/en\/","logo":{"@type":"ImageObject","inLanguage":"en-GB","@id":"https:\/\/maceqen.com\/excelsior\/en\/#\/schema\/logo\/image\/","url":"https:\/\/maceqen.com\/excelsior\/wp-content\/uploads\/2021\/10\/maceqen_transparent-e1724054286368-2.png","contentUrl":"https:\/\/maceqen.com\/excelsior\/wp-content\/uploads\/2021\/10\/maceqen_transparent-e1724054286368-2.png","width":1641,"height":727,"caption":"Maceqen"},"image":{"@id":"https:\/\/maceqen.com\/excelsior\/en\/#\/schema\/logo\/image\/"},"sameAs":["https:\/\/www.facebook.com\/profile.php?id=61566868653024","https:\/\/www.instagram.com\/maceqen_\/"]}]}},"_links":{"self":[{"href":"https:\/\/maceqen.com\/excelsior\/en\/wp-json\/wp\/v2\/product\/6257","targetHints":{"allow":["GET"]}}],"collection":[{"href":"https:\/\/maceqen.com\/excelsior\/en\/wp-json\/wp\/v2\/product"}],"about":[{"href":"https:\/\/maceqen.com\/excelsior\/en\/wp-json\/wp\/v2\/types\/product"}],"wp:featuredmedia":[{"embeddable":true,"href":"https:\/\/maceqen.com\/excelsior\/en\/wp-json\/wp\/v2\/media\/6258"}],"wp:attachment":[{"href":"https:\/\/maceqen.com\/excelsior\/en\/wp-json\/wp\/v2\/media?parent=6257"}],"wp:term":[{"taxonomy":"product_brand","embeddable":true,"href":"https:\/\/maceqen.com\/excelsior\/en\/wp-json\/wp\/v2\/product_brand?post=6257"},{"taxonomy":"product_cat","embeddable":true,"href":"https:\/\/maceqen.com\/excelsior\/en\/wp-json\/wp\/v2\/product_cat?post=6257"},{"taxonomy":"product_tag","embeddable":true,"href":"https:\/\/maceqen.com\/excelsior\/en\/wp-json\/wp\/v2\/product_tag?post=6257"}],"curies":[{"name":"wp","href":"https:\/\/api.w.org\/{rel}","templated":true}]}}