{"id":6252,"date":"2024-08-20T11:47:00","date_gmt":"2024-08-20T11:47:00","guid":{"rendered":"http:\/\/maceqen.com\/?post_type=product&#038;p=6252"},"modified":"2024-08-20T11:47:01","modified_gmt":"2024-08-20T11:47:01","slug":"hepatiale-forte-40-kapsula","status":"publish","type":"product","link":"https:\/\/maceqen.com\/excelsior\/en\/product\/hepatiale-forte-40-kapsula\/","title":{"rendered":"Hepatiale Forte, 40 kapsula"},"content":{"rendered":"<p>P\u00ebrgatitja p\u00ebr qen dhe mace rekomandohet p\u00ebr t\u00eb mb\u00ebshtetur funksionin e m\u00ebl\u00e7is\u00eb n\u00eb rast t\u00eb dyshimeve p\u00ebr \u00e7rregullime t\u00eb m\u00ebl\u00e7is\u00eb, si dhe p\u00ebr t\u00eb mb\u00ebshtetur d\u00ebshtimin kronik t\u00eb m\u00ebl\u00e7is\u00eb. Hepatiale Forte Small Breed &amp; Cats \u00ebsht\u00eb nj\u00eb preparat unik q\u00eb kombinon veprimin e fosfolipideve dhe acidit L-aspartik.<\/p>\n<p>mb\u00ebshtet rigjenerimin dhe kthimin n\u00eb funksionimin e duhur t\u00eb organit.<br \/>\nmb\u00ebshtet mbrojtjen e qelizave t\u00eb m\u00ebl\u00e7is\u00eb<br \/>\nmb\u00ebshtet metabolizmin e komponimeve proteinike n\u00eb m\u00ebl\u00e7i<br \/>\nP\u00ebrgatitjet nga linja Hepatiale Forte jan\u00eb num\u00ebr 1 n\u00eb besimin dhe rekomandimet e veteriner\u00ebve!*<\/p>\n<p>Pse Hepatiale Forte?<\/p>\n<p>\u2022 p\u00ebrmban fosfolipide dhe acid L-aspartik \u2013 p\u00ebrb\u00ebr\u00ebs q\u00eb mb\u00ebshtesin efektin rigjenerues dhe mbrojt\u00ebs t\u00eb m\u00ebl\u00e7is\u00eb<\/p>\n<p>\u2022 mb\u00ebshtet n\u00eb m\u00ebnyr\u00eb efektive funksionin e m\u00ebl\u00e7is\u00eb<\/p>\n<p>\u2022 n\u00eb dispozicion n\u00eb shum\u00eb variante, t\u00eb p\u00ebrshtatura p\u00ebr madh\u00ebsin\u00eb dhe nevojat e kafsh\u00ebs<\/p>\n<p>*Bazuar n\u00eb nj\u00eb anket\u00eb midis veteriner\u00ebve n\u00eb Poloni, t\u00eb kryer nga Kantar Polska SA, n\u00eb mars 2021, n\u00eb lidhje me suplementet veterinare (p\u00ebrzierjet suplementare t\u00eb ushqimit) p\u00ebr qent\u00eb ose macet.<\/p>\n<p>Hepatiale Forte Small Breed &amp; Cats \u00ebsht\u00eb nj\u00eb preparat q\u00eb kombinon veprimin e fosfolipideve dhe acidit L-aspartik.<\/p>\n<p>Fosfolipidet inkorporohen n\u00eb membran\u00ebn qelizore t\u00eb hepatociteve t\u00eb d\u00ebmtuara (qelizat e m\u00ebl\u00e7is\u00eb), gj\u00eb q\u00eb nxit rigjenerimin e tyre. Ato kan\u00eb veti antioksiduese dhe mbrojn\u00eb nga efektet e d\u00ebmtimit oksidativ t\u00eb qelizave t\u00eb m\u00ebl\u00e7is\u00eb.<\/p>\n<p>Acidi L-aspartik \u00ebsht\u00eb nj\u00eb krip\u00eb e dy aminoacideve endogjene, pjes\u00eb e ciklit t\u00eb ures\u00eb, t\u00eb cilat mb\u00ebshtesin procesin e largimit t\u00eb metabolit\u00ebve toksik\u00eb &#8211; produkte t\u00eb metabolizmit t\u00eb proteinave.<\/p>\n<p>Efektiviteti i linj\u00ebs s\u00eb produkteve Hepatiale Forte \u00ebsht\u00eb konfirmuar n\u00eb studime n\u00eb qen dhe mace me s\u00ebmundje t\u00eb m\u00ebl\u00e7is\u00eb, n\u00eb t\u00eb cilat u vu re nj\u00eb r\u00ebnie e ndjeshme e aktivitetit t\u00eb enzimave t\u00eb m\u00ebl\u00e7is\u00eb pas 8 jav\u00ebsh p\u00ebrdorimi (1).<\/p>\n<p>P\u00ebrb\u00ebr\u00ebsit aktiv\u00eb: fosfolipide, acid L-aspartik.<\/p>\n<p>1 kapsul\u00eb Twist Off\/5 kg pesh\u00eb trupore n\u00eb dit\u00eb<\/p>\n<p>Paketa p\u00ebrmban 40 kapsula Twist Off.<\/p>\n<p>Nj\u00eb avantazh shtes\u00eb i Hepatiale Forte Small Breed &amp; Cats \u00ebsht\u00eb leht\u00ebsia e jasht\u00ebzakonshme e administrimit fal\u00eb kapsul\u00ebs s\u00eb shijshme Twist Off. Jepni kapsul\u00ebn t\u00eb plot\u00eb si ushqim (kapsula \u00ebsht\u00eb e ngr\u00ebnshme) ose shtrydhni p\u00ebrmbajtjen e kapsul\u00ebs n\u00eb goj\u00eb ose n\u00eb putra.<\/p>","protected":false},"excerpt":{"rendered":"<p>P\u00ebrgatitja p\u00ebr qen dhe mace rekomandohet p\u00ebr t\u00eb mb\u00ebshtetur funksionin e m\u00ebl\u00e7is\u00eb n\u00eb rast t\u00eb dyshimeve p\u00ebr \u00e7rregullime t\u00eb m\u00ebl\u00e7is\u00eb, si dhe p\u00ebr t\u00eb mb\u00ebshtetur d\u00ebshtimin kronik t\u00eb m\u00ebl\u00e7is\u00eb. Hepatiale Forte Small Breed &amp; Cats \u00ebsht\u00eb nj\u00eb preparat unik q\u00eb kombinon veprimin e fosfolipideve dhe acidit L-aspartik. mb\u00ebshtet rigjenerimin dhe kthimin n\u00eb funksionimin e duhur [&hellip;]<\/p>","protected":false},"featured_media":6253,"template":"","meta":[],"product_brand":[],"product_cat":[71,142,72,141],"product_tag":[],"class_list":{"0":"post-6252","1":"product","2":"type-product","3":"status-publish","4":"has-post-thumbnail","6":"product_cat-mace","7":"product_cat-produkte-veterinare-mace","8":"product_cat-qen","9":"product_cat-produkte-veterinare","11":"first","12":"instock","13":"shipping-taxable","14":"purchasable","15":"product-type-simple"},"yoast_head":"<!-- This site is optimized with the Yoast SEO plugin v26.4 - https:\/\/yoast.com\/wordpress\/plugins\/seo\/ -->\n<title>Hepatiale Forte, 40 kapsula - Maceqen<\/title>\n<meta name=\"robots\" content=\"index, follow, max-snippet:-1, max-image-preview:large, max-video-preview:-1\" \/>\n<link rel=\"canonical\" href=\"https:\/\/maceqen.com\/excelsior\/en\/product\/hepatiale-forte-40-kapsula\/\" \/>\n<meta property=\"og:locale\" content=\"en_GB\" \/>\n<meta property=\"og:type\" content=\"article\" \/>\n<meta property=\"og:title\" content=\"Hepatiale Forte, 40 kapsula - Maceqen\" \/>\n<meta property=\"og:description\" content=\"P\u00ebrgatitja p\u00ebr qen dhe mace rekomandohet p\u00ebr t\u00eb mb\u00ebshtetur funksionin e m\u00ebl\u00e7is\u00eb n\u00eb rast t\u00eb dyshimeve p\u00ebr \u00e7rregullime t\u00eb m\u00ebl\u00e7is\u00eb, si dhe p\u00ebr t\u00eb mb\u00ebshtetur d\u00ebshtimin kronik t\u00eb m\u00ebl\u00e7is\u00eb. Hepatiale Forte Small Breed &amp; Cats \u00ebsht\u00eb nj\u00eb preparat unik q\u00eb kombinon veprimin e fosfolipideve dhe acidit L-aspartik. mb\u00ebshtet rigjenerimin dhe kthimin n\u00eb funksionimin e duhur [&hellip;]\" \/>\n<meta property=\"og:url\" content=\"https:\/\/maceqen.com\/excelsior\/en\/product\/hepatiale-forte-40-kapsula\/\" \/>\n<meta property=\"og:site_name\" content=\"Maceqen\" \/>\n<meta property=\"article:publisher\" content=\"https:\/\/www.facebook.com\/profile.php?id=61566868653024\" \/>\n<meta property=\"article:modified_time\" content=\"2024-08-20T11:47:01+00:00\" \/>\n<meta property=\"og:image\" content=\"https:\/\/maceqen.com\/excelsior\/wp-content\/uploads\/2024\/08\/Hepatiale-Forte_SB-scaled-1-1086x1536-1.jpg\" \/>\n\t<meta property=\"og:image:width\" content=\"1086\" \/>\n\t<meta property=\"og:image:height\" content=\"1536\" \/>\n\t<meta property=\"og:image:type\" content=\"image\/jpeg\" \/>\n<meta name=\"twitter:card\" content=\"summary_large_image\" \/>\n<meta name=\"twitter:label1\" content=\"Estimated reading time\" \/>\n\t<meta name=\"twitter:data1\" content=\"2 minutes\" \/>\n<script type=\"application\/ld+json\" class=\"yoast-schema-graph\">{\"@context\":\"https:\/\/schema.org\",\"@graph\":[{\"@type\":\"WebPage\",\"@id\":\"https:\/\/maceqen.com\/excelsior\/en\/product\/hepatiale-forte-40-kapsula\/\",\"url\":\"https:\/\/maceqen.com\/excelsior\/en\/product\/hepatiale-forte-40-kapsula\/\",\"name\":\"Hepatiale Forte, 40 kapsula - Maceqen\",\"isPartOf\":{\"@id\":\"https:\/\/maceqen.com\/excelsior\/en\/#website\"},\"primaryImageOfPage\":{\"@id\":\"https:\/\/maceqen.com\/excelsior\/en\/product\/hepatiale-forte-40-kapsula\/#primaryimage\"},\"image\":{\"@id\":\"https:\/\/maceqen.com\/excelsior\/en\/product\/hepatiale-forte-40-kapsula\/#primaryimage\"},\"thumbnailUrl\":\"https:\/\/maceqen.com\/excelsior\/wp-content\/uploads\/2024\/08\/Hepatiale-Forte_SB-scaled-1-1086x1536-1.jpg\",\"datePublished\":\"2024-08-20T11:47:00+00:00\",\"dateModified\":\"2024-08-20T11:47:01+00:00\",\"breadcrumb\":{\"@id\":\"https:\/\/maceqen.com\/excelsior\/en\/product\/hepatiale-forte-40-kapsula\/#breadcrumb\"},\"inLanguage\":\"en-GB\",\"potentialAction\":[{\"@type\":\"ReadAction\",\"target\":[\"https:\/\/maceqen.com\/excelsior\/en\/product\/hepatiale-forte-40-kapsula\/\"]}]},{\"@type\":\"ImageObject\",\"inLanguage\":\"en-GB\",\"@id\":\"https:\/\/maceqen.com\/excelsior\/en\/product\/hepatiale-forte-40-kapsula\/#primaryimage\",\"url\":\"https:\/\/maceqen.com\/excelsior\/wp-content\/uploads\/2024\/08\/Hepatiale-Forte_SB-scaled-1-1086x1536-1.jpg\",\"contentUrl\":\"https:\/\/maceqen.com\/excelsior\/wp-content\/uploads\/2024\/08\/Hepatiale-Forte_SB-scaled-1-1086x1536-1.jpg\",\"width\":1086,\"height\":1536},{\"@type\":\"BreadcrumbList\",\"@id\":\"https:\/\/maceqen.com\/excelsior\/en\/product\/hepatiale-forte-40-kapsula\/#breadcrumb\",\"itemListElement\":[{\"@type\":\"ListItem\",\"position\":1,\"name\":\"Home\",\"item\":\"https:\/\/maceqen.com\/excelsior\/en\/\"},{\"@type\":\"ListItem\",\"position\":2,\"name\":\"Shop\",\"item\":\"https:\/\/maceqen.com\/excelsior\/en\/shop\/\"},{\"@type\":\"ListItem\",\"position\":3,\"name\":\"Hepatiale Forte, 40 kapsula\"}]},{\"@type\":\"WebSite\",\"@id\":\"https:\/\/maceqen.com\/excelsior\/en\/#website\",\"url\":\"https:\/\/maceqen.com\/excelsior\/en\/\",\"name\":\"Maceqen\",\"description\":\"Maceqen.com\",\"publisher\":{\"@id\":\"https:\/\/maceqen.com\/excelsior\/en\/#organization\"},\"potentialAction\":[{\"@type\":\"SearchAction\",\"target\":{\"@type\":\"EntryPoint\",\"urlTemplate\":\"https:\/\/maceqen.com\/excelsior\/en\/?s={search_term_string}\"},\"query-input\":{\"@type\":\"PropertyValueSpecification\",\"valueRequired\":true,\"valueName\":\"search_term_string\"}}],\"inLanguage\":\"en-GB\"},{\"@type\":\"Organization\",\"@id\":\"https:\/\/maceqen.com\/excelsior\/en\/#organization\",\"name\":\"Maceqen\",\"url\":\"https:\/\/maceqen.com\/excelsior\/en\/\",\"logo\":{\"@type\":\"ImageObject\",\"inLanguage\":\"en-GB\",\"@id\":\"https:\/\/maceqen.com\/excelsior\/en\/#\/schema\/logo\/image\/\",\"url\":\"https:\/\/maceqen.com\/excelsior\/wp-content\/uploads\/2021\/10\/maceqen_transparent-e1724054286368-2.png\",\"contentUrl\":\"https:\/\/maceqen.com\/excelsior\/wp-content\/uploads\/2021\/10\/maceqen_transparent-e1724054286368-2.png\",\"width\":1641,\"height\":727,\"caption\":\"Maceqen\"},\"image\":{\"@id\":\"https:\/\/maceqen.com\/excelsior\/en\/#\/schema\/logo\/image\/\"},\"sameAs\":[\"https:\/\/www.facebook.com\/profile.php?id=61566868653024\",\"https:\/\/www.instagram.com\/maceqen_\/\"]}]}<\/script>\n<!-- \/ Yoast SEO plugin. -->","yoast_head_json":{"title":"Hepatiale Forte, 40 kapsula - Maceqen","robots":{"index":"index","follow":"follow","max-snippet":"max-snippet:-1","max-image-preview":"max-image-preview:large","max-video-preview":"max-video-preview:-1"},"canonical":"https:\/\/maceqen.com\/excelsior\/en\/product\/hepatiale-forte-40-kapsula\/","og_locale":"en_GB","og_type":"article","og_title":"Hepatiale Forte, 40 kapsula - Maceqen","og_description":"P\u00ebrgatitja p\u00ebr qen dhe mace rekomandohet p\u00ebr t\u00eb mb\u00ebshtetur funksionin e m\u00ebl\u00e7is\u00eb n\u00eb rast t\u00eb dyshimeve p\u00ebr \u00e7rregullime t\u00eb m\u00ebl\u00e7is\u00eb, si dhe p\u00ebr t\u00eb mb\u00ebshtetur d\u00ebshtimin kronik t\u00eb m\u00ebl\u00e7is\u00eb. Hepatiale Forte Small Breed &amp; Cats \u00ebsht\u00eb nj\u00eb preparat unik q\u00eb kombinon veprimin e fosfolipideve dhe acidit L-aspartik. mb\u00ebshtet rigjenerimin dhe kthimin n\u00eb funksionimin e duhur [&hellip;]","og_url":"https:\/\/maceqen.com\/excelsior\/en\/product\/hepatiale-forte-40-kapsula\/","og_site_name":"Maceqen","article_publisher":"https:\/\/www.facebook.com\/profile.php?id=61566868653024","article_modified_time":"2024-08-20T11:47:01+00:00","og_image":[{"width":1086,"height":1536,"url":"https:\/\/maceqen.com\/excelsior\/wp-content\/uploads\/2024\/08\/Hepatiale-Forte_SB-scaled-1-1086x1536-1.jpg","type":"image\/jpeg"}],"twitter_card":"summary_large_image","twitter_misc":{"Estimated reading time":"2 minutes"},"schema":{"@context":"https:\/\/schema.org","@graph":[{"@type":"WebPage","@id":"https:\/\/maceqen.com\/excelsior\/en\/product\/hepatiale-forte-40-kapsula\/","url":"https:\/\/maceqen.com\/excelsior\/en\/product\/hepatiale-forte-40-kapsula\/","name":"Hepatiale Forte, 40 kapsula - Maceqen","isPartOf":{"@id":"https:\/\/maceqen.com\/excelsior\/en\/#website"},"primaryImageOfPage":{"@id":"https:\/\/maceqen.com\/excelsior\/en\/product\/hepatiale-forte-40-kapsula\/#primaryimage"},"image":{"@id":"https:\/\/maceqen.com\/excelsior\/en\/product\/hepatiale-forte-40-kapsula\/#primaryimage"},"thumbnailUrl":"https:\/\/maceqen.com\/excelsior\/wp-content\/uploads\/2024\/08\/Hepatiale-Forte_SB-scaled-1-1086x1536-1.jpg","datePublished":"2024-08-20T11:47:00+00:00","dateModified":"2024-08-20T11:47:01+00:00","breadcrumb":{"@id":"https:\/\/maceqen.com\/excelsior\/en\/product\/hepatiale-forte-40-kapsula\/#breadcrumb"},"inLanguage":"en-GB","potentialAction":[{"@type":"ReadAction","target":["https:\/\/maceqen.com\/excelsior\/en\/product\/hepatiale-forte-40-kapsula\/"]}]},{"@type":"ImageObject","inLanguage":"en-GB","@id":"https:\/\/maceqen.com\/excelsior\/en\/product\/hepatiale-forte-40-kapsula\/#primaryimage","url":"https:\/\/maceqen.com\/excelsior\/wp-content\/uploads\/2024\/08\/Hepatiale-Forte_SB-scaled-1-1086x1536-1.jpg","contentUrl":"https:\/\/maceqen.com\/excelsior\/wp-content\/uploads\/2024\/08\/Hepatiale-Forte_SB-scaled-1-1086x1536-1.jpg","width":1086,"height":1536},{"@type":"BreadcrumbList","@id":"https:\/\/maceqen.com\/excelsior\/en\/product\/hepatiale-forte-40-kapsula\/#breadcrumb","itemListElement":[{"@type":"ListItem","position":1,"name":"Home","item":"https:\/\/maceqen.com\/excelsior\/en\/"},{"@type":"ListItem","position":2,"name":"Shop","item":"https:\/\/maceqen.com\/excelsior\/en\/shop\/"},{"@type":"ListItem","position":3,"name":"Hepatiale Forte, 40 kapsula"}]},{"@type":"WebSite","@id":"https:\/\/maceqen.com\/excelsior\/en\/#website","url":"https:\/\/maceqen.com\/excelsior\/en\/","name":"Maceqen","description":"Maceqen.com","publisher":{"@id":"https:\/\/maceqen.com\/excelsior\/en\/#organization"},"potentialAction":[{"@type":"SearchAction","target":{"@type":"EntryPoint","urlTemplate":"https:\/\/maceqen.com\/excelsior\/en\/?s={search_term_string}"},"query-input":{"@type":"PropertyValueSpecification","valueRequired":true,"valueName":"search_term_string"}}],"inLanguage":"en-GB"},{"@type":"Organization","@id":"https:\/\/maceqen.com\/excelsior\/en\/#organization","name":"Maceqen","url":"https:\/\/maceqen.com\/excelsior\/en\/","logo":{"@type":"ImageObject","inLanguage":"en-GB","@id":"https:\/\/maceqen.com\/excelsior\/en\/#\/schema\/logo\/image\/","url":"https:\/\/maceqen.com\/excelsior\/wp-content\/uploads\/2021\/10\/maceqen_transparent-e1724054286368-2.png","contentUrl":"https:\/\/maceqen.com\/excelsior\/wp-content\/uploads\/2021\/10\/maceqen_transparent-e1724054286368-2.png","width":1641,"height":727,"caption":"Maceqen"},"image":{"@id":"https:\/\/maceqen.com\/excelsior\/en\/#\/schema\/logo\/image\/"},"sameAs":["https:\/\/www.facebook.com\/profile.php?id=61566868653024","https:\/\/www.instagram.com\/maceqen_\/"]}]}},"_links":{"self":[{"href":"https:\/\/maceqen.com\/excelsior\/en\/wp-json\/wp\/v2\/product\/6252","targetHints":{"allow":["GET"]}}],"collection":[{"href":"https:\/\/maceqen.com\/excelsior\/en\/wp-json\/wp\/v2\/product"}],"about":[{"href":"https:\/\/maceqen.com\/excelsior\/en\/wp-json\/wp\/v2\/types\/product"}],"wp:featuredmedia":[{"embeddable":true,"href":"https:\/\/maceqen.com\/excelsior\/en\/wp-json\/wp\/v2\/media\/6253"}],"wp:attachment":[{"href":"https:\/\/maceqen.com\/excelsior\/en\/wp-json\/wp\/v2\/media?parent=6252"}],"wp:term":[{"taxonomy":"product_brand","embeddable":true,"href":"https:\/\/maceqen.com\/excelsior\/en\/wp-json\/wp\/v2\/product_brand?post=6252"},{"taxonomy":"product_cat","embeddable":true,"href":"https:\/\/maceqen.com\/excelsior\/en\/wp-json\/wp\/v2\/product_cat?post=6252"},{"taxonomy":"product_tag","embeddable":true,"href":"https:\/\/maceqen.com\/excelsior\/en\/wp-json\/wp\/v2\/product_tag?post=6252"}],"curies":[{"name":"wp","href":"https:\/\/api.w.org\/{rel}","templated":true}]}}