{"id":4995,"date":"2024-07-10T10:31:06","date_gmt":"2024-07-10T10:31:06","guid":{"rendered":"http:\/\/maceqen.com\/?post_type=product&#038;p=4995"},"modified":"2024-09-09T17:44:06","modified_gmt":"2024-09-09T17:44:06","slug":"hills-small-adult-chicken","status":"publish","type":"product","link":"https:\/\/maceqen.com\/excelsior\/en\/product\/hills-small-adult-chicken\/","title":{"rendered":"Hill&#8217;s Science Plan Small&#038;Mini 1.5kg, Ushqim me pul\u00eb p\u00ebr Qen,"},"content":{"rendered":"<p>I madh n\u00eb dashuri, i vog\u00ebl n\u00eb madh\u00ebsi. HILL&#8217;S SCIENCE PLAN Ushqimi p\u00ebr qent\u00eb e vegj\u00ebl dhe t\u00eb vegj\u00ebl p\u00ebr t\u00eb rritur me pul\u00eb \u00ebsht\u00eb ushqim i p\u00ebrshtatur p\u00ebr nevojat unike t\u00eb qenve t\u00eb vegj\u00ebl dhe mini gjat\u00eb kulmit t\u00eb jet\u00ebs s\u00eb tyre. B\u00ebr\u00eb posa\u00e7\u00ebrisht me kok\u00ebrr m\u00eb t\u00eb vog\u00ebl.<\/p>\n<p>P\u00ebrb\u00ebr\u00ebs leht\u00ebsisht t\u00eb tretsh\u00ebm p\u00ebr tretje t\u00eb sh\u00ebndetshme<br \/>\nP\u00ebrzierje ushqyese Omega-6 dhe Vitamina E p\u00ebr l\u00ebkur\u00eb t\u00eb sh\u00ebndetshme dhe g\u00ebzof t\u00eb shk\u00eblqyesh\u00ebm<br \/>\nProteina me cil\u00ebsi t\u00eb lart\u00eb p\u00ebr muskujt e dob\u00ebt<br \/>\nP\u00ebrmban p\u00ebrzierjen ton\u00eb speciale antioksiduese Small &amp; Mini p\u00ebr mb\u00ebshtetjen e imunitetit gjat\u00eb gjith\u00eb jet\u00ebs<br \/>\nRekomandohet p\u00ebr:<br \/>\nQent\u00eb e rritur 1 &#8211; 6 vje\u00e7 q\u00eb peshojn\u00eb deri n\u00eb 10 kg kur jan\u00eb rritur plot\u00ebsisht.<\/p>\n<p>Nuk rekomandohet p\u00ebr:<br \/>\nK\u00eblysh\u00ebt, ose qent\u00eb e rritur t\u00eb rritur (&gt; 6 vje\u00e7). Qent\u00eb shtatz\u00ebn\u00eb ose me gji. Gjat\u00eb shtatz\u00ebnis\u00eb ose dh\u00ebnies s\u00eb gjirit, qent\u00eb duhet t\u00eb kalojn\u00eb n\u00eb ushqimin e qenve t\u00eb vegj\u00ebl dhe t\u00eb vegj\u00ebl t\u00eb HILL&#8217;S SCIENCE PLAN<img decoding=\"async\" class=\"alignnone size-full wp-image-5071\" src=\"http:\/\/maceqen.com\/excelsior\/wp-content\/uploads\/2024\/07\/Ekran-Alintisi-1-e1721208022891.png\" alt=\"\" width=\"518\" height=\"89\" \/><img fetchpriority=\"high\" decoding=\"async\" class=\"alignnone size-full wp-image-5072\" src=\"http:\/\/maceqen.com\/excelsior\/wp-content\/uploads\/2024\/07\/Ekran-Alintisi-2-e1721208354482.png\" alt=\"\" width=\"563\" height=\"217\" \/><\/p>","protected":false},"excerpt":{"rendered":"<p>I madh n\u00eb dashuri, i vog\u00ebl n\u00eb madh\u00ebsi. HILL&#8217;S SCIENCE PLAN Ushqimi p\u00ebr qent\u00eb e vegj\u00ebl dhe t\u00eb vegj\u00ebl p\u00ebr t\u00eb rritur me pul\u00eb \u00ebsht\u00eb ushqim i p\u00ebrshtatur p\u00ebr nevojat unike t\u00eb qenve t\u00eb vegj\u00ebl dhe mini gjat\u00eb kulmit t\u00eb jet\u00ebs s\u00eb tyre. B\u00ebr\u00eb posa\u00e7\u00ebrisht me kok\u00ebrr m\u00eb t\u00eb vog\u00ebl. P\u00ebrb\u00ebr\u00ebs leht\u00ebsisht t\u00eb tretsh\u00ebm p\u00ebr [&hellip;]<\/p>","protected":false},"featured_media":5138,"template":"","meta":[],"product_brand":[],"product_cat":[72,78,79],"product_tag":[],"class_list":{"0":"post-4995","1":"product","2":"type-product","3":"status-publish","4":"has-post-thumbnail","6":"product_cat-qen","7":"product_cat-ushqim-qen","8":"product_cat-kokrra-ushqim-qen","10":"first","11":"instock","12":"shipping-taxable","13":"purchasable","14":"product-type-simple"},"yoast_head":"<!-- This site is optimized with the Yoast SEO plugin v26.4 - https:\/\/yoast.com\/wordpress\/plugins\/seo\/ -->\n<title>Hill&#039;s Science Plan Small&amp;Mini 1.5kg, Ushqim me pul\u00eb p\u00ebr Qen, - Maceqen<\/title>\n<meta name=\"robots\" content=\"index, follow, max-snippet:-1, max-image-preview:large, max-video-preview:-1\" \/>\n<link rel=\"canonical\" href=\"https:\/\/maceqen.com\/excelsior\/en\/product\/hills-small-adult-chicken\/\" \/>\n<meta property=\"og:locale\" content=\"en_GB\" \/>\n<meta property=\"og:type\" content=\"article\" \/>\n<meta property=\"og:title\" content=\"Hill&#039;s Science Plan Small&amp;Mini 1.5kg, Ushqim me pul\u00eb p\u00ebr Qen, - Maceqen\" \/>\n<meta property=\"og:description\" content=\"I madh n\u00eb dashuri, i vog\u00ebl n\u00eb madh\u00ebsi. HILL&#8217;S SCIENCE PLAN Ushqimi p\u00ebr qent\u00eb e vegj\u00ebl dhe t\u00eb vegj\u00ebl p\u00ebr t\u00eb rritur me pul\u00eb \u00ebsht\u00eb ushqim i p\u00ebrshtatur p\u00ebr nevojat unike t\u00eb qenve t\u00eb vegj\u00ebl dhe mini gjat\u00eb kulmit t\u00eb jet\u00ebs s\u00eb tyre. B\u00ebr\u00eb posa\u00e7\u00ebrisht me kok\u00ebrr m\u00eb t\u00eb vog\u00ebl. P\u00ebrb\u00ebr\u00ebs leht\u00ebsisht t\u00eb tretsh\u00ebm p\u00ebr [&hellip;]\" \/>\n<meta property=\"og:url\" content=\"https:\/\/maceqen.com\/excelsior\/en\/product\/hills-small-adult-chicken\/\" \/>\n<meta property=\"og:site_name\" content=\"Maceqen\" \/>\n<meta property=\"article:publisher\" content=\"https:\/\/www.facebook.com\/profile.php?id=61566868653024\" \/>\n<meta property=\"article:modified_time\" content=\"2024-09-09T17:44:06+00:00\" \/>\n<meta name=\"twitter:card\" content=\"summary_large_image\" \/>\n<meta name=\"twitter:label1\" content=\"Estimated reading time\" \/>\n\t<meta name=\"twitter:data1\" content=\"1 minute\" \/>\n<script type=\"application\/ld+json\" class=\"yoast-schema-graph\">{\"@context\":\"https:\/\/schema.org\",\"@graph\":[{\"@type\":\"WebPage\",\"@id\":\"https:\/\/maceqen.com\/excelsior\/en\/product\/hills-small-adult-chicken\/\",\"url\":\"https:\/\/maceqen.com\/excelsior\/en\/product\/hills-small-adult-chicken\/\",\"name\":\"Hill's Science Plan Small&Mini 1.5kg, Ushqim me pul\u00eb p\u00ebr Qen, - Maceqen\",\"isPartOf\":{\"@id\":\"https:\/\/maceqen.com\/excelsior\/en\/#website\"},\"primaryImageOfPage\":{\"@id\":\"https:\/\/maceqen.com\/excelsior\/en\/product\/hills-small-adult-chicken\/#primaryimage\"},\"image\":{\"@id\":\"https:\/\/maceqen.com\/excelsior\/en\/product\/hills-small-adult-chicken\/#primaryimage\"},\"thumbnailUrl\":\"https:\/\/maceqen.com\/excelsior\/wp-content\/uploads\/2024\/07\/mini-adult-chicken-yeni.avif\",\"datePublished\":\"2024-07-10T10:31:06+00:00\",\"dateModified\":\"2024-09-09T17:44:06+00:00\",\"breadcrumb\":{\"@id\":\"https:\/\/maceqen.com\/excelsior\/en\/product\/hills-small-adult-chicken\/#breadcrumb\"},\"inLanguage\":\"en-GB\",\"potentialAction\":[{\"@type\":\"ReadAction\",\"target\":[\"https:\/\/maceqen.com\/excelsior\/en\/product\/hills-small-adult-chicken\/\"]}]},{\"@type\":\"ImageObject\",\"inLanguage\":\"en-GB\",\"@id\":\"https:\/\/maceqen.com\/excelsior\/en\/product\/hills-small-adult-chicken\/#primaryimage\",\"url\":\"https:\/\/maceqen.com\/excelsior\/wp-content\/uploads\/2024\/07\/mini-adult-chicken-yeni.avif\",\"contentUrl\":\"https:\/\/maceqen.com\/excelsior\/wp-content\/uploads\/2024\/07\/mini-adult-chicken-yeni.avif\",\"width\":1280,\"height\":1280},{\"@type\":\"BreadcrumbList\",\"@id\":\"https:\/\/maceqen.com\/excelsior\/en\/product\/hills-small-adult-chicken\/#breadcrumb\",\"itemListElement\":[{\"@type\":\"ListItem\",\"position\":1,\"name\":\"Home\",\"item\":\"https:\/\/maceqen.com\/excelsior\/en\/\"},{\"@type\":\"ListItem\",\"position\":2,\"name\":\"Shop\",\"item\":\"https:\/\/maceqen.com\/excelsior\/en\/shop\/\"},{\"@type\":\"ListItem\",\"position\":3,\"name\":\"Hill&#8217;s Science Plan Small&#038;Mini 1.5kg, Ushqim me pul\u00eb p\u00ebr Qen,\"}]},{\"@type\":\"WebSite\",\"@id\":\"https:\/\/maceqen.com\/excelsior\/en\/#website\",\"url\":\"https:\/\/maceqen.com\/excelsior\/en\/\",\"name\":\"Maceqen\",\"description\":\"Maceqen.com\",\"publisher\":{\"@id\":\"https:\/\/maceqen.com\/excelsior\/en\/#organization\"},\"potentialAction\":[{\"@type\":\"SearchAction\",\"target\":{\"@type\":\"EntryPoint\",\"urlTemplate\":\"https:\/\/maceqen.com\/excelsior\/en\/?s={search_term_string}\"},\"query-input\":{\"@type\":\"PropertyValueSpecification\",\"valueRequired\":true,\"valueName\":\"search_term_string\"}}],\"inLanguage\":\"en-GB\"},{\"@type\":\"Organization\",\"@id\":\"https:\/\/maceqen.com\/excelsior\/en\/#organization\",\"name\":\"Maceqen\",\"url\":\"https:\/\/maceqen.com\/excelsior\/en\/\",\"logo\":{\"@type\":\"ImageObject\",\"inLanguage\":\"en-GB\",\"@id\":\"https:\/\/maceqen.com\/excelsior\/en\/#\/schema\/logo\/image\/\",\"url\":\"https:\/\/maceqen.com\/excelsior\/wp-content\/uploads\/2021\/10\/maceqen_transparent-e1724054286368-2.png\",\"contentUrl\":\"https:\/\/maceqen.com\/excelsior\/wp-content\/uploads\/2021\/10\/maceqen_transparent-e1724054286368-2.png\",\"width\":1641,\"height\":727,\"caption\":\"Maceqen\"},\"image\":{\"@id\":\"https:\/\/maceqen.com\/excelsior\/en\/#\/schema\/logo\/image\/\"},\"sameAs\":[\"https:\/\/www.facebook.com\/profile.php?id=61566868653024\",\"https:\/\/www.instagram.com\/maceqen_\/\"]}]}<\/script>\n<!-- \/ Yoast SEO plugin. -->","yoast_head_json":{"title":"Hill's Science Plan Small&Mini 1.5kg, Ushqim me pul\u00eb p\u00ebr Qen, - Maceqen","robots":{"index":"index","follow":"follow","max-snippet":"max-snippet:-1","max-image-preview":"max-image-preview:large","max-video-preview":"max-video-preview:-1"},"canonical":"https:\/\/maceqen.com\/excelsior\/en\/product\/hills-small-adult-chicken\/","og_locale":"en_GB","og_type":"article","og_title":"Hill's Science Plan Small&Mini 1.5kg, Ushqim me pul\u00eb p\u00ebr Qen, - Maceqen","og_description":"I madh n\u00eb dashuri, i vog\u00ebl n\u00eb madh\u00ebsi. HILL&#8217;S SCIENCE PLAN Ushqimi p\u00ebr qent\u00eb e vegj\u00ebl dhe t\u00eb vegj\u00ebl p\u00ebr t\u00eb rritur me pul\u00eb \u00ebsht\u00eb ushqim i p\u00ebrshtatur p\u00ebr nevojat unike t\u00eb qenve t\u00eb vegj\u00ebl dhe mini gjat\u00eb kulmit t\u00eb jet\u00ebs s\u00eb tyre. B\u00ebr\u00eb posa\u00e7\u00ebrisht me kok\u00ebrr m\u00eb t\u00eb vog\u00ebl. P\u00ebrb\u00ebr\u00ebs leht\u00ebsisht t\u00eb tretsh\u00ebm p\u00ebr [&hellip;]","og_url":"https:\/\/maceqen.com\/excelsior\/en\/product\/hills-small-adult-chicken\/","og_site_name":"Maceqen","article_publisher":"https:\/\/www.facebook.com\/profile.php?id=61566868653024","article_modified_time":"2024-09-09T17:44:06+00:00","twitter_card":"summary_large_image","twitter_misc":{"Estimated reading time":"1 minute"},"schema":{"@context":"https:\/\/schema.org","@graph":[{"@type":"WebPage","@id":"https:\/\/maceqen.com\/excelsior\/en\/product\/hills-small-adult-chicken\/","url":"https:\/\/maceqen.com\/excelsior\/en\/product\/hills-small-adult-chicken\/","name":"Hill's Science Plan Small&Mini 1.5kg, Ushqim me pul\u00eb p\u00ebr Qen, - Maceqen","isPartOf":{"@id":"https:\/\/maceqen.com\/excelsior\/en\/#website"},"primaryImageOfPage":{"@id":"https:\/\/maceqen.com\/excelsior\/en\/product\/hills-small-adult-chicken\/#primaryimage"},"image":{"@id":"https:\/\/maceqen.com\/excelsior\/en\/product\/hills-small-adult-chicken\/#primaryimage"},"thumbnailUrl":"https:\/\/maceqen.com\/excelsior\/wp-content\/uploads\/2024\/07\/mini-adult-chicken-yeni.avif","datePublished":"2024-07-10T10:31:06+00:00","dateModified":"2024-09-09T17:44:06+00:00","breadcrumb":{"@id":"https:\/\/maceqen.com\/excelsior\/en\/product\/hills-small-adult-chicken\/#breadcrumb"},"inLanguage":"en-GB","potentialAction":[{"@type":"ReadAction","target":["https:\/\/maceqen.com\/excelsior\/en\/product\/hills-small-adult-chicken\/"]}]},{"@type":"ImageObject","inLanguage":"en-GB","@id":"https:\/\/maceqen.com\/excelsior\/en\/product\/hills-small-adult-chicken\/#primaryimage","url":"https:\/\/maceqen.com\/excelsior\/wp-content\/uploads\/2024\/07\/mini-adult-chicken-yeni.avif","contentUrl":"https:\/\/maceqen.com\/excelsior\/wp-content\/uploads\/2024\/07\/mini-adult-chicken-yeni.avif","width":1280,"height":1280},{"@type":"BreadcrumbList","@id":"https:\/\/maceqen.com\/excelsior\/en\/product\/hills-small-adult-chicken\/#breadcrumb","itemListElement":[{"@type":"ListItem","position":1,"name":"Home","item":"https:\/\/maceqen.com\/excelsior\/en\/"},{"@type":"ListItem","position":2,"name":"Shop","item":"https:\/\/maceqen.com\/excelsior\/en\/shop\/"},{"@type":"ListItem","position":3,"name":"Hill&#8217;s Science Plan Small&#038;Mini 1.5kg, Ushqim me pul\u00eb p\u00ebr Qen,"}]},{"@type":"WebSite","@id":"https:\/\/maceqen.com\/excelsior\/en\/#website","url":"https:\/\/maceqen.com\/excelsior\/en\/","name":"Maceqen","description":"Maceqen.com","publisher":{"@id":"https:\/\/maceqen.com\/excelsior\/en\/#organization"},"potentialAction":[{"@type":"SearchAction","target":{"@type":"EntryPoint","urlTemplate":"https:\/\/maceqen.com\/excelsior\/en\/?s={search_term_string}"},"query-input":{"@type":"PropertyValueSpecification","valueRequired":true,"valueName":"search_term_string"}}],"inLanguage":"en-GB"},{"@type":"Organization","@id":"https:\/\/maceqen.com\/excelsior\/en\/#organization","name":"Maceqen","url":"https:\/\/maceqen.com\/excelsior\/en\/","logo":{"@type":"ImageObject","inLanguage":"en-GB","@id":"https:\/\/maceqen.com\/excelsior\/en\/#\/schema\/logo\/image\/","url":"https:\/\/maceqen.com\/excelsior\/wp-content\/uploads\/2021\/10\/maceqen_transparent-e1724054286368-2.png","contentUrl":"https:\/\/maceqen.com\/excelsior\/wp-content\/uploads\/2021\/10\/maceqen_transparent-e1724054286368-2.png","width":1641,"height":727,"caption":"Maceqen"},"image":{"@id":"https:\/\/maceqen.com\/excelsior\/en\/#\/schema\/logo\/image\/"},"sameAs":["https:\/\/www.facebook.com\/profile.php?id=61566868653024","https:\/\/www.instagram.com\/maceqen_\/"]}]}},"_links":{"self":[{"href":"https:\/\/maceqen.com\/excelsior\/en\/wp-json\/wp\/v2\/product\/4995","targetHints":{"allow":["GET"]}}],"collection":[{"href":"https:\/\/maceqen.com\/excelsior\/en\/wp-json\/wp\/v2\/product"}],"about":[{"href":"https:\/\/maceqen.com\/excelsior\/en\/wp-json\/wp\/v2\/types\/product"}],"wp:featuredmedia":[{"embeddable":true,"href":"https:\/\/maceqen.com\/excelsior\/en\/wp-json\/wp\/v2\/media\/5138"}],"wp:attachment":[{"href":"https:\/\/maceqen.com\/excelsior\/en\/wp-json\/wp\/v2\/media?parent=4995"}],"wp:term":[{"taxonomy":"product_brand","embeddable":true,"href":"https:\/\/maceqen.com\/excelsior\/en\/wp-json\/wp\/v2\/product_brand?post=4995"},{"taxonomy":"product_cat","embeddable":true,"href":"https:\/\/maceqen.com\/excelsior\/en\/wp-json\/wp\/v2\/product_cat?post=4995"},{"taxonomy":"product_tag","embeddable":true,"href":"https:\/\/maceqen.com\/excelsior\/en\/wp-json\/wp\/v2\/product_tag?post=4995"}],"curies":[{"name":"wp","href":"https:\/\/api.w.org\/{rel}","templated":true}]}}