{"id":310,"date":"2022-05-31T11:08:38","date_gmt":"2022-05-31T11:08:38","guid":{"rendered":"https:\/\/maceqen.com\/excelsior\/?page_id=310"},"modified":"2025-11-28T22:08:21","modified_gmt":"2025-11-28T21:08:21","slug":"about-us","status":"publish","type":"page","link":"https:\/\/maceqen.com\/excelsior\/en\/about-us\/","title":{"rendered":"Rreth nesh"},"content":{"rendered":"<div data-elementor-type=\"wp-page\" data-elementor-id=\"310\" class=\"elementor elementor-310\">\n\t\t\t\t\t\t<section class=\"elementor-section elementor-top-section elementor-element elementor-element-4bfe178 elementor-section-boxed elementor-section-height-default elementor-section-height-default\" data-id=\"4bfe178\" data-element_type=\"section\">\n\t\t\t\t\t\t<div class=\"elementor-container elementor-column-gap-no\">\n\t\t\t\t\t<div class=\"elementor-column elementor-col-50 elementor-top-column elementor-element elementor-element-7bf5c11\" data-id=\"7bf5c11\" data-element_type=\"column\" data-settings=\"{&quot;animation&quot;:&quot;none&quot;}\">\n\t\t\t<div class=\"elementor-widget-wrap elementor-element-populated\">\n\t\t\t\t\t\t<section class=\"flex-wrap-desktop flex-wrap-tablet-landscape elementor-section elementor-inner-section elementor-element elementor-element-ae8c5d1 elementor-section-content-middle elementor-reverse-tablet elementor-section-full_width elementor-section-height-default elementor-section-height-default\" data-id=\"ae8c5d1\" data-element_type=\"section\">\n\t\t\t\t\t\t<div class=\"elementor-container elementor-column-gap-default\">\n\t\t\t\t\t<div class=\"elementor-column elementor-col-50 elementor-inner-column elementor-element elementor-element-f07ad2d\" data-id=\"f07ad2d\" data-element_type=\"column\">\n\t\t\t<div class=\"elementor-widget-wrap elementor-element-populated\">\n\t\t\t\t\t\t<div class=\"elementor-element elementor-element-84aa34f elementor-widget elementor-widget-et_image\" data-id=\"84aa34f\" data-element_type=\"widget\" data-widget_type=\"et_image.default\">\n\t\t\t\t<div class=\"elementor-widget-container\">\n\t\t\t\t\t<div class=\"et-image aligncenter\" ><div style=\"max-width:324px;max-height:300px;\" class=\"lazy-inline-image\"><img fetchpriority=\"high\" decoding=\"async\" class=\"lazy\" src=\"data:image\/gif;base64,R0lGODlhAQABAIAAAP\/\/\/wAAACH5BAEAAAAALAAAAAABAAEAAAICRAEAOw==\" width=\"324\" height=\"300\" data-src=\"https:\/\/maceqen.com\/excelsior\/wp-content\/uploads\/about-us-img-2.webp\" alt=\"Maceqen\" \/><svg class=\"media-placeholder\" viewbox=\"0 0 324 300\"><path d=\"M0,0H324V300H0V0Z\" \/><\/svg><svg class=\"placeholder\" viewbox=\"0 0 20 4\"><circle cx=\"2\" cy=\"2\" r=\"2\" \/><circle cx=\"10\" cy=\"2\" r=\"2\" \/><circle cx=\"18\" cy=\"2\" r=\"2\" \/><\/svg><\/div><\/div>\t\t\t\t<\/div>\n\t\t\t\t<\/div>\n\t\t\t\t\t<\/div>\n\t\t<\/div>\n\t\t\t\t<div class=\"elementor-column elementor-col-50 elementor-inner-column elementor-element elementor-element-d7c6107\" data-id=\"d7c6107\" data-element_type=\"column\">\n\t\t\t<div class=\"elementor-widget-wrap elementor-element-populated\">\n\t\t\t\t\t\t<div class=\"elementor-element elementor-element-4ea63e5 elementor-widget elementor-widget-et_heading\" data-id=\"4ea63e5\" data-element_type=\"widget\" data-widget_type=\"et_heading.default\">\n\t\t\t\t<div class=\"elementor-widget-container\">\n\t\t\t\t\t<h3 class=\"et-heading\" data-delay=\"0\"><span class=\"text-wrapper\"><span class=\"text\"><span >Maceqen \u2013 sepse kafsha juaj meriton m\u00eb t\u00eb mir\u00ebn<\/span><\/span><\/span><\/h3>\t\t\t\t<\/div>\n\t\t\t\t<\/div>\n\t\t\t\t<div class=\"elementor-element elementor-element-30f7515 elementor-widget elementor-widget-et_heading\" data-id=\"30f7515\" data-element_type=\"widget\" data-widget_type=\"et_heading.default\">\n\t\t\t\t<div class=\"elementor-widget-container\">\n\t\t\t\t\t<p class=\"et-heading\" data-delay=\"0\"><span class=\"text-wrapper\"><span class=\"text\"><span >N\u00eb Maceqen do t\u00eb gjeni gjith\u00e7ka q\u00eb keni k\u00ebrkuar p\u00ebr kujdesin, arg\u00ebtimin dhe lumturin\u00eb e kafsh\u00ebs suaj.<br data-start=\"1768\" data-end=\"1771\">Ne punojm\u00eb me dashuri, p\u00ebrkushtim dhe p\u00ebrgjegj\u00ebsi p\u00ebr t\u2019u siguruar q\u00eb \u00e7do produkt q\u00eb ofrojm\u00eb \u00ebsht\u00eb i sigurt dhe i p\u00ebrshtatsh\u00ebm p\u00ebr mikun tuaj t\u00eb vog\u00ebl.<\/span><\/span><\/span><\/p>\t\t\t\t<\/div>\n\t\t\t\t<\/div>\n\t\t\t\t\t<\/div>\n\t\t<\/div>\n\t\t\t\t\t<\/div>\n\t\t<\/section>\n\t\t\t\t\t<\/div>\n\t\t<\/div>\n\t\t\t\t<div class=\"elementor-column elementor-col-50 elementor-top-column elementor-element elementor-element-69eff63\" data-id=\"69eff63\" data-element_type=\"column\" data-settings=\"{&quot;animation&quot;:&quot;none&quot;}\">\n\t\t\t<div class=\"elementor-widget-wrap elementor-element-populated\">\n\t\t\t\t\t\t<section class=\"flex-wrap-desktop flex-wrap-tablet-landscape elementor-section elementor-inner-section elementor-element elementor-element-199a7f1 elementor-section-content-middle elementor-section-full_width elementor-section-height-default elementor-section-height-default\" data-id=\"199a7f1\" data-element_type=\"section\">\n\t\t\t\t\t\t<div class=\"elementor-container elementor-column-gap-default\">\n\t\t\t\t\t<div class=\"elementor-column elementor-col-50 elementor-inner-column elementor-element elementor-element-93008f5\" data-id=\"93008f5\" data-element_type=\"column\">\n\t\t\t<div class=\"elementor-widget-wrap elementor-element-populated\">\n\t\t\t\t\t\t<div class=\"elementor-element elementor-element-72fe61c elementor-widget elementor-widget-et_image\" data-id=\"72fe61c\" data-element_type=\"widget\" data-widget_type=\"et_image.default\">\n\t\t\t\t<div class=\"elementor-widget-container\">\n\t\t\t\t\t<div class=\"et-image aligncenter\" ><div style=\"max-width:300px;max-height:300px;\" class=\"lazy-inline-image\"><img decoding=\"async\" class=\"lazy\" src=\"data:image\/gif;base64,R0lGODlhAQABAIAAAP\/\/\/wAAACH5BAEAAAAALAAAAAABAAEAAAICRAEAOw==\" width=\"300\" height=\"300\" data-src=\"https:\/\/maceqen.com\/excelsior\/wp-content\/uploads\/about-us-img-1.webp\" alt=\"Maceqen\" \/><svg class=\"media-placeholder\" viewbox=\"0 0 300 300\"><path d=\"M0,0H300V300H0V0Z\" \/><\/svg><svg class=\"placeholder\" viewbox=\"0 0 20 4\"><circle cx=\"2\" cy=\"2\" r=\"2\" \/><circle cx=\"10\" cy=\"2\" r=\"2\" \/><circle cx=\"18\" cy=\"2\" r=\"2\" \/><\/svg><\/div><\/div>\t\t\t\t<\/div>\n\t\t\t\t<\/div>\n\t\t\t\t\t<\/div>\n\t\t<\/div>\n\t\t\t\t<div class=\"elementor-column elementor-col-50 elementor-inner-column elementor-element elementor-element-4521fa0\" data-id=\"4521fa0\" data-element_type=\"column\">\n\t\t\t<div class=\"elementor-widget-wrap elementor-element-populated\">\n\t\t\t\t\t\t<div class=\"elementor-element elementor-element-3798f22 elementor-widget elementor-widget-et_heading\" data-id=\"3798f22\" data-element_type=\"widget\" data-widget_type=\"et_heading.default\">\n\t\t\t\t<div class=\"elementor-widget-container\">\n\t\t\t\t\t<h3 class=\"et-heading\" data-delay=\"0\"><span class=\"text-wrapper\"><span class=\"text\"><span >Pse duhet t\u00eb na zgjedhni ne?<\/span><\/span><\/span><\/h3>\t\t\t\t<\/div>\n\t\t\t\t<\/div>\n\t\t\t\t<div class=\"elementor-element elementor-element-f4c455b elementor-widget elementor-widget-et_icon-list\" data-id=\"f4c455b\" data-element_type=\"widget\" data-widget_type=\"et_icon-list.default\">\n\t\t\t\t<div class=\"elementor-widget-container\">\n\t\t\t\t\t<ul class=\"et-icon-list et-icon-list\"><li class=\"icon-list-item\"><span class=\"icon-list-icon\"><\/span>Ushqim i fresk\u00ebt dhe i sh\u00ebndetsh\u00ebm p\u00ebr kafsh\u00ebt<\/li><li class=\"icon-list-item\"><span class=\"icon-list-icon\"><\/span>Aksesor\u00eb cil\u00ebsor\u00eb dhe t\u00eb sigurt p\u00ebr \u00e7do lloj kafshe<\/li><li class=\"icon-list-item\"><span class=\"icon-list-icon\"><\/span>Sh\u00ebrbim i shpejt\u00eb, i besuesh\u00ebm dhe i p\u00ebrshtatsh\u00ebm p\u00ebr \u00e7do klient<\/li><\/ul>\t\t\t\t<\/div>\n\t\t\t\t<\/div>\n\t\t\t\t\t<\/div>\n\t\t<\/div>\n\t\t\t\t\t<\/div>\n\t\t<\/section>\n\t\t\t\t\t<\/div>\n\t\t<\/div>\n\t\t\t\t\t<\/div>\n\t\t<\/section>\n\t\t\t\t<section class=\"elementor-section elementor-top-section elementor-element elementor-element-bc6e955 elementor-section-boxed elementor-section-height-default elementor-section-height-default\" data-id=\"bc6e955\" data-element_type=\"section\">\n\t\t\t\t\t\t<div class=\"elementor-container elementor-column-gap-default\">\n\t\t\t\t\t<div class=\"elementor-column elementor-col-100 elementor-top-column elementor-element elementor-element-be23615\" data-id=\"be23615\" data-element_type=\"column\">\n\t\t\t<div class=\"elementor-widget-wrap elementor-element-populated\">\n\t\t\t\t\t\t<div class=\"elementor-element elementor-element-2a86a51 elementor-widget elementor-widget-et_heading\" data-id=\"2a86a51\" data-element_type=\"widget\" data-widget_type=\"et_heading.default\">\n\t\t\t\t<div class=\"elementor-widget-container\">\n\t\t\t\t\t<h3 class=\"et-heading\" data-delay=\"0\"><span class=\"text-wrapper\"><span class=\"text\"><span >Ne kujdesemi p\u00ebr mir\u00ebqenien e kafsh\u00ebs suaj.<br><\/span><\/span><\/span><\/h3>\t\t\t\t<\/div>\n\t\t\t\t<\/div>\n\t\t\t\t<section class=\"elementor-section elementor-inner-section elementor-element elementor-element-7160673 elementor-section-full_width elementor-section-height-default elementor-section-height-default\" data-id=\"7160673\" data-element_type=\"section\">\n\t\t\t\t\t\t<div class=\"elementor-container elementor-column-gap-default\">\n\t\t\t\t\t<div class=\"elementor-column elementor-col-25 elementor-inner-column elementor-element elementor-element-71e9c4d\" data-id=\"71e9c4d\" data-element_type=\"column\">\n\t\t\t<div class=\"elementor-widget-wrap elementor-element-populated\">\n\t\t\t\t\t\t<div class=\"elementor-element elementor-element-94e62c4 elementor-widget elementor-widget-et_icon_box\" data-id=\"94e62c4\" data-element_type=\"widget\" data-widget_type=\"et_icon_box.default\">\n\t\t\t\t<div class=\"elementor-widget-container\">\n\t\t\t\t\t<div class=\"et-icon-box hide-default-false hide-sticky-false icon-position-top icon-position-tablet-inherit icon-position-mobile-left icon-alignment-center icon-alignment-tablet-inherit icon-alignment-mobile-left icon-vertical-alignment-mobile-top with-content\" ><div class=\"icon\"><\/div><div class=\"icon-box-content-wrap\"><h4 class=\"icon-box-title\">Ushqim i sh\u00ebndetsh\u00ebm<\/h4><div class=\"icon-box-content\"><p>Produkte t\u00eb balancuara dhe t\u00eb sigurta p\u00ebr \u00e7do lloj kafshe.<\/p><\/div><\/div><\/div>\t\t\t\t<\/div>\n\t\t\t\t<\/div>\n\t\t\t\t\t<\/div>\n\t\t<\/div>\n\t\t\t\t<div class=\"elementor-column elementor-col-25 elementor-inner-column elementor-element elementor-element-db17898\" data-id=\"db17898\" data-element_type=\"column\">\n\t\t\t<div class=\"elementor-widget-wrap elementor-element-populated\">\n\t\t\t\t\t\t<div class=\"elementor-element elementor-element-a63bd88 elementor-widget elementor-widget-et_icon_box\" data-id=\"a63bd88\" data-element_type=\"widget\" data-widget_type=\"et_icon_box.default\">\n\t\t\t\t<div class=\"elementor-widget-container\">\n\t\t\t\t\t<div class=\"et-icon-box hide-default-false hide-sticky-false icon-position-top icon-position-tablet-inherit icon-position-mobile-left icon-alignment-center icon-alignment-tablet-inherit icon-alignment-mobile-left icon-vertical-alignment-mobile-top with-content\" ><div class=\"icon\"><\/div><div class=\"icon-box-content-wrap\"><h4 class=\"icon-box-title\">Cil\u00ebsi e garantuar<\/h4><div class=\"icon-box-content\"><p>Zgjedhim vet\u00ebm marka t\u00eb certifikuara dhe t\u00eb besueshme.<\/p><\/div><\/div><\/div>\t\t\t\t<\/div>\n\t\t\t\t<\/div>\n\t\t\t\t\t<\/div>\n\t\t<\/div>\n\t\t\t\t<div class=\"elementor-column elementor-col-25 elementor-inner-column elementor-element elementor-element-6c527f9\" data-id=\"6c527f9\" data-element_type=\"column\">\n\t\t\t<div class=\"elementor-widget-wrap elementor-element-populated\">\n\t\t\t\t\t\t<div class=\"elementor-element elementor-element-e60ed7d elementor-widget elementor-widget-et_icon_box\" data-id=\"e60ed7d\" data-element_type=\"widget\" data-widget_type=\"et_icon_box.default\">\n\t\t\t\t<div class=\"elementor-widget-container\">\n\t\t\t\t\t<div class=\"et-icon-box hide-default-false hide-sticky-false icon-position-top icon-position-tablet-inherit icon-position-mobile-left icon-alignment-center icon-alignment-tablet-inherit icon-alignment-mobile-left icon-vertical-alignment-mobile-top with-content\" ><div class=\"icon\"><\/div><div class=\"icon-box-content-wrap\"><h4 class=\"icon-box-title\">Miq\u00ebsore me natyr\u00ebn<\/h4><div class=\"icon-box-content\"><p>Ambalazhe t\u00eb ricikluesh\u00ebm dhe produkte ekologjike.<\/p><\/div><\/div><\/div>\t\t\t\t<\/div>\n\t\t\t\t<\/div>\n\t\t\t\t\t<\/div>\n\t\t<\/div>\n\t\t\t\t<div class=\"elementor-column elementor-col-25 elementor-inner-column elementor-element elementor-element-d77cfa2\" data-id=\"d77cfa2\" data-element_type=\"column\">\n\t\t\t<div class=\"elementor-widget-wrap elementor-element-populated\">\n\t\t\t\t\t\t<div class=\"elementor-element elementor-element-f8ffbb2 elementor-widget elementor-widget-et_icon_box\" data-id=\"f8ffbb2\" data-element_type=\"widget\" data-widget_type=\"et_icon_box.default\">\n\t\t\t\t<div class=\"elementor-widget-container\">\n\t\t\t\t\t<div class=\"et-icon-box hide-default-false hide-sticky-false icon-position-top icon-position-tablet-inherit icon-position-mobile-left icon-alignment-center icon-alignment-tablet-inherit icon-alignment-mobile-left icon-vertical-alignment-mobile-top with-content\" ><div class=\"icon\"><\/div><div class=\"icon-box-content-wrap\"><h4 class=\"icon-box-title\">D\u00ebrges\u00eb e shpejt\u00eb<\/h4><div class=\"icon-box-content\"><p>Porosia juaj arrin gjithmon\u00eb n\u00eb koh\u00eb dhe n\u00eb gjendje perfekte.<\/p><\/div><\/div><\/div>\t\t\t\t<\/div>\n\t\t\t\t<\/div>\n\t\t\t\t\t<\/div>\n\t\t<\/div>\n\t\t\t\t\t<\/div>\n\t\t<\/section>\n\t\t\t\t<div class=\"elementor-element elementor-element-91c4ccc elementor-widget elementor-widget-et_separator\" data-id=\"91c4ccc\" data-element_type=\"widget\" data-widget_type=\"et_separator.default\">\n\t\t\t\t<div class=\"elementor-widget-container\">\n\t\t\t\t\t<div class=\"et-separator et-clearfix\" ><\/div>\t\t\t\t<\/div>\n\t\t\t\t<\/div>\n\t\t\t\t\t<\/div>\n\t\t<\/div>\n\t\t\t\t\t<\/div>\n\t\t<\/section>\n\t\t\t\t<section class=\"et-parallax elementor-section elementor-top-section elementor-element elementor-element-2df9727 overflow-hidden elementor-section-boxed elementor-section-height-default elementor-section-height-default elementor-invisible\" data-parallax=\"https:\/\/maceqen.com\/excelsior\/wp-content\/uploads\/slider-1-slide-1-background.webp\" data-parallax-duration=\"30\" data-id=\"2df9727\" data-element_type=\"section\" data-settings=\"{&quot;background_background&quot;:&quot;classic&quot;,&quot;animation&quot;:&quot;fadeIn&quot;}\">\n\t\t\t\t\t\t<div class=\"elementor-container elementor-column-gap-default\">\n\t\t\t\t\t<div class=\"et-stagger-box elementor-column elementor-col-16 elementor-top-column elementor-element elementor-element-977c31b elementor-hidden-tablet elementor-hidden-mobile\" data-stagger=\"right\" data-interval=\"50\" data-id=\"977c31b\" data-element_type=\"column\">\n\t\t\t<div class=\"elementor-widget-wrap\">\n\t\t\t\t\t\t\t<\/div>\n\t\t<\/div>\n\t\t\t\t<div class=\"elementor-column elementor-col-66 elementor-top-column elementor-element elementor-element-36eac71\" data-id=\"36eac71\" data-element_type=\"column\">\n\t\t\t<div class=\"elementor-widget-wrap elementor-element-populated\">\n\t\t\t\t\t\t<div class=\"elementor-element elementor-element-0e01998 elementor-widget elementor-widget-et_heading\" data-id=\"0e01998\" data-element_type=\"widget\" data-widget_type=\"et_heading.default\">\n\t\t\t\t<div class=\"elementor-widget-container\">\n\t\t\t\t\t<h3 class=\"et-heading\" data-delay=\"0\"><span class=\"text-wrapper\"><span class=\"text\"><span >Ushqim dhe<br>aksesor\u00eb\n<\/span><\/span><\/span><\/h3>\t\t\t\t<\/div>\n\t\t\t\t<\/div>\n\t\t\t\t<div class=\"elementor-element elementor-element-0f504fb elementor-widget elementor-widget-et_button\" data-id=\"0f504fb\" data-element_type=\"widget\" data-widget_type=\"et_button.default\">\n\t\t\t\t<div class=\"elementor-widget-container\">\n\t\t\t\t\t<a target=\"_self\" href=\"https:\/\/maceqen.com\/excelsior\/en\/shop\/?ca=dry-food&#038;ajax=true\" data-effect=\"scale\" class=\"et-button hide-default-false hide-sticky-false megamenu-ajax-false submenu-appear-false submenu-shadow-false modal-false hover-scale smooth-false shadow-false rounded medium\" ><span class=\"icon icon1\"><\/span><span class=\"text\">Blej Tani<\/span><span class=\"icon icon2\"><\/span><span class=\"button-back\"><\/span><\/a>\t\t\t\t<\/div>\n\t\t\t\t<\/div>\n\t\t\t\t\t<\/div>\n\t\t<\/div>\n\t\t\t\t<div class=\"elementor-column elementor-col-16 elementor-top-column elementor-element elementor-element-938b93f elementor-hidden-tablet elementor-hidden-mobile\" data-id=\"938b93f\" data-element_type=\"column\">\n\t\t\t<div class=\"elementor-widget-wrap\">\n\t\t\t\t\t\t\t<\/div>\n\t\t<\/div>\n\t\t\t\t\t<\/div>\n\t\t<\/section>\n\t\t\t\t<\/div>","protected":false},"excerpt":{"rendered":"<p>Maceqen \u2013 sepse kafsha juaj meriton m\u00eb t\u00eb mir\u00ebn N\u00eb Maceqen do t\u00eb gjeni gjith\u00e7ka q\u00eb keni k\u00ebrkuar p\u00ebr kujdesin, arg\u00ebtimin dhe lumturin\u00eb e kafsh\u00ebs suaj.Ne punojm\u00eb me dashuri, p\u00ebrkushtim dhe p\u00ebrgjegj\u00ebsi p\u00ebr t\u2019u siguruar q\u00eb \u00e7do produkt q\u00eb ofrojm\u00eb \u00ebsht\u00eb i sigurt dhe i p\u00ebrshtatsh\u00ebm p\u00ebr mikun tuaj t\u00eb vog\u00ebl. Pse duhet t\u00eb na [&hellip;]<\/p>","protected":false},"author":1,"featured_media":0,"parent":0,"menu_order":0,"comment_status":"closed","ping_status":"closed","template":"elementor_theme","meta":{"footnotes":""},"class_list":["post-310","page","type-page","status-publish","hentry"],"yoast_head":"<!-- This site is optimized with the Yoast SEO plugin v26.4 - https:\/\/yoast.com\/wordpress\/plugins\/seo\/ -->\n<title>Rreth nesh - Maceqen<\/title>\n<meta name=\"robots\" content=\"index, follow, max-snippet:-1, max-image-preview:large, max-video-preview:-1\" \/>\n<link rel=\"canonical\" href=\"https:\/\/maceqen.com\/excelsior\/en\/about-us\/\" \/>\n<meta property=\"og:locale\" content=\"en_GB\" \/>\n<meta property=\"og:type\" content=\"article\" \/>\n<meta property=\"og:title\" content=\"Rreth nesh - Maceqen\" \/>\n<meta property=\"og:description\" content=\"Maceqen \u2013 sepse kafsha juaj meriton m\u00eb t\u00eb mir\u00ebn N\u00eb Maceqen do t\u00eb gjeni gjith\u00e7ka q\u00eb keni k\u00ebrkuar p\u00ebr kujdesin, arg\u00ebtimin dhe lumturin\u00eb e kafsh\u00ebs suaj.Ne punojm\u00eb me dashuri, p\u00ebrkushtim dhe p\u00ebrgjegj\u00ebsi p\u00ebr t\u2019u siguruar q\u00eb \u00e7do produkt q\u00eb ofrojm\u00eb \u00ebsht\u00eb i sigurt dhe i p\u00ebrshtatsh\u00ebm p\u00ebr mikun tuaj t\u00eb vog\u00ebl. Pse duhet t\u00eb na [&hellip;]\" \/>\n<meta property=\"og:url\" content=\"https:\/\/maceqen.com\/excelsior\/en\/about-us\/\" \/>\n<meta property=\"og:site_name\" content=\"Maceqen\" \/>\n<meta property=\"article:publisher\" content=\"https:\/\/www.facebook.com\/profile.php?id=61566868653024\" \/>\n<meta property=\"article:modified_time\" content=\"2025-11-28T21:08:21+00:00\" \/>\n<meta name=\"twitter:card\" content=\"summary_large_image\" \/>\n<meta name=\"twitter:label1\" content=\"Estimated reading time\" \/>\n\t<meta name=\"twitter:data1\" content=\"1 minute\" \/>\n<script type=\"application\/ld+json\" class=\"yoast-schema-graph\">{\"@context\":\"https:\/\/schema.org\",\"@graph\":[{\"@type\":\"WebPage\",\"@id\":\"https:\/\/maceqen.com\/excelsior\/en\/about-us\/\",\"url\":\"https:\/\/maceqen.com\/excelsior\/en\/about-us\/\",\"name\":\"Rreth nesh - Maceqen\",\"isPartOf\":{\"@id\":\"https:\/\/maceqen.com\/excelsior\/en\/#website\"},\"datePublished\":\"2022-05-31T11:08:38+00:00\",\"dateModified\":\"2025-11-28T21:08:21+00:00\",\"breadcrumb\":{\"@id\":\"https:\/\/maceqen.com\/excelsior\/en\/about-us\/#breadcrumb\"},\"inLanguage\":\"en-GB\",\"potentialAction\":[{\"@type\":\"ReadAction\",\"target\":[\"https:\/\/maceqen.com\/excelsior\/en\/about-us\/\"]}]},{\"@type\":\"BreadcrumbList\",\"@id\":\"https:\/\/maceqen.com\/excelsior\/en\/about-us\/#breadcrumb\",\"itemListElement\":[{\"@type\":\"ListItem\",\"position\":1,\"name\":\"Home\",\"item\":\"https:\/\/maceqen.com\/excelsior\/en\/\"},{\"@type\":\"ListItem\",\"position\":2,\"name\":\"Rreth nesh\"}]},{\"@type\":\"WebSite\",\"@id\":\"https:\/\/maceqen.com\/excelsior\/en\/#website\",\"url\":\"https:\/\/maceqen.com\/excelsior\/en\/\",\"name\":\"Maceqen\",\"description\":\"Maceqen.com\",\"publisher\":{\"@id\":\"https:\/\/maceqen.com\/excelsior\/en\/#organization\"},\"potentialAction\":[{\"@type\":\"SearchAction\",\"target\":{\"@type\":\"EntryPoint\",\"urlTemplate\":\"https:\/\/maceqen.com\/excelsior\/en\/?s={search_term_string}\"},\"query-input\":{\"@type\":\"PropertyValueSpecification\",\"valueRequired\":true,\"valueName\":\"search_term_string\"}}],\"inLanguage\":\"en-GB\"},{\"@type\":\"Organization\",\"@id\":\"https:\/\/maceqen.com\/excelsior\/en\/#organization\",\"name\":\"Maceqen\",\"url\":\"https:\/\/maceqen.com\/excelsior\/en\/\",\"logo\":{\"@type\":\"ImageObject\",\"inLanguage\":\"en-GB\",\"@id\":\"https:\/\/maceqen.com\/excelsior\/en\/#\/schema\/logo\/image\/\",\"url\":\"https:\/\/maceqen.com\/excelsior\/wp-content\/uploads\/2021\/10\/maceqen_transparent-e1724054286368-2.png\",\"contentUrl\":\"https:\/\/maceqen.com\/excelsior\/wp-content\/uploads\/2021\/10\/maceqen_transparent-e1724054286368-2.png\",\"width\":1641,\"height\":727,\"caption\":\"Maceqen\"},\"image\":{\"@id\":\"https:\/\/maceqen.com\/excelsior\/en\/#\/schema\/logo\/image\/\"},\"sameAs\":[\"https:\/\/www.facebook.com\/profile.php?id=61566868653024\",\"https:\/\/www.instagram.com\/maceqen_\/\"]}]}<\/script>\n<!-- \/ Yoast SEO plugin. -->","yoast_head_json":{"title":"Rreth nesh - Maceqen","robots":{"index":"index","follow":"follow","max-snippet":"max-snippet:-1","max-image-preview":"max-image-preview:large","max-video-preview":"max-video-preview:-1"},"canonical":"https:\/\/maceqen.com\/excelsior\/en\/about-us\/","og_locale":"en_GB","og_type":"article","og_title":"Rreth nesh - Maceqen","og_description":"Maceqen \u2013 sepse kafsha juaj meriton m\u00eb t\u00eb mir\u00ebn N\u00eb Maceqen do t\u00eb gjeni gjith\u00e7ka q\u00eb keni k\u00ebrkuar p\u00ebr kujdesin, arg\u00ebtimin dhe lumturin\u00eb e kafsh\u00ebs suaj.Ne punojm\u00eb me dashuri, p\u00ebrkushtim dhe p\u00ebrgjegj\u00ebsi p\u00ebr t\u2019u siguruar q\u00eb \u00e7do produkt q\u00eb ofrojm\u00eb \u00ebsht\u00eb i sigurt dhe i p\u00ebrshtatsh\u00ebm p\u00ebr mikun tuaj t\u00eb vog\u00ebl. Pse duhet t\u00eb na [&hellip;]","og_url":"https:\/\/maceqen.com\/excelsior\/en\/about-us\/","og_site_name":"Maceqen","article_publisher":"https:\/\/www.facebook.com\/profile.php?id=61566868653024","article_modified_time":"2025-11-28T21:08:21+00:00","twitter_card":"summary_large_image","twitter_misc":{"Estimated reading time":"1 minute"},"schema":{"@context":"https:\/\/schema.org","@graph":[{"@type":"WebPage","@id":"https:\/\/maceqen.com\/excelsior\/en\/about-us\/","url":"https:\/\/maceqen.com\/excelsior\/en\/about-us\/","name":"Rreth nesh - Maceqen","isPartOf":{"@id":"https:\/\/maceqen.com\/excelsior\/en\/#website"},"datePublished":"2022-05-31T11:08:38+00:00","dateModified":"2025-11-28T21:08:21+00:00","breadcrumb":{"@id":"https:\/\/maceqen.com\/excelsior\/en\/about-us\/#breadcrumb"},"inLanguage":"en-GB","potentialAction":[{"@type":"ReadAction","target":["https:\/\/maceqen.com\/excelsior\/en\/about-us\/"]}]},{"@type":"BreadcrumbList","@id":"https:\/\/maceqen.com\/excelsior\/en\/about-us\/#breadcrumb","itemListElement":[{"@type":"ListItem","position":1,"name":"Home","item":"https:\/\/maceqen.com\/excelsior\/en\/"},{"@type":"ListItem","position":2,"name":"Rreth nesh"}]},{"@type":"WebSite","@id":"https:\/\/maceqen.com\/excelsior\/en\/#website","url":"https:\/\/maceqen.com\/excelsior\/en\/","name":"Maceqen","description":"Maceqen.com","publisher":{"@id":"https:\/\/maceqen.com\/excelsior\/en\/#organization"},"potentialAction":[{"@type":"SearchAction","target":{"@type":"EntryPoint","urlTemplate":"https:\/\/maceqen.com\/excelsior\/en\/?s={search_term_string}"},"query-input":{"@type":"PropertyValueSpecification","valueRequired":true,"valueName":"search_term_string"}}],"inLanguage":"en-GB"},{"@type":"Organization","@id":"https:\/\/maceqen.com\/excelsior\/en\/#organization","name":"Maceqen","url":"https:\/\/maceqen.com\/excelsior\/en\/","logo":{"@type":"ImageObject","inLanguage":"en-GB","@id":"https:\/\/maceqen.com\/excelsior\/en\/#\/schema\/logo\/image\/","url":"https:\/\/maceqen.com\/excelsior\/wp-content\/uploads\/2021\/10\/maceqen_transparent-e1724054286368-2.png","contentUrl":"https:\/\/maceqen.com\/excelsior\/wp-content\/uploads\/2021\/10\/maceqen_transparent-e1724054286368-2.png","width":1641,"height":727,"caption":"Maceqen"},"image":{"@id":"https:\/\/maceqen.com\/excelsior\/en\/#\/schema\/logo\/image\/"},"sameAs":["https:\/\/www.facebook.com\/profile.php?id=61566868653024","https:\/\/www.instagram.com\/maceqen_\/"]}]}},"_links":{"self":[{"href":"https:\/\/maceqen.com\/excelsior\/en\/wp-json\/wp\/v2\/pages\/310","targetHints":{"allow":["GET"]}}],"collection":[{"href":"https:\/\/maceqen.com\/excelsior\/en\/wp-json\/wp\/v2\/pages"}],"about":[{"href":"https:\/\/maceqen.com\/excelsior\/en\/wp-json\/wp\/v2\/types\/page"}],"author":[{"embeddable":true,"href":"https:\/\/maceqen.com\/excelsior\/en\/wp-json\/wp\/v2\/users\/1"}],"replies":[{"embeddable":true,"href":"https:\/\/maceqen.com\/excelsior\/en\/wp-json\/wp\/v2\/comments?post=310"}],"version-history":[{"count":17,"href":"https:\/\/maceqen.com\/excelsior\/en\/wp-json\/wp\/v2\/pages\/310\/revisions"}],"predecessor-version":[{"id":9064,"href":"https:\/\/maceqen.com\/excelsior\/en\/wp-json\/wp\/v2\/pages\/310\/revisions\/9064"}],"wp:attachment":[{"href":"https:\/\/maceqen.com\/excelsior\/en\/wp-json\/wp\/v2\/media?parent=310"}],"curies":[{"name":"wp","href":"https:\/\/api.w.org\/{rel}","templated":true}]}}