{"id":9434,"date":"2026-04-24T10:38:42","date_gmt":"2026-04-24T09:38:42","guid":{"rendered":"https:\/\/maceqen.com\/?post_type=product&#038;p=9434"},"modified":"2026-04-24T10:38:42","modified_gmt":"2026-04-24T09:38:42","slug":"deltatic-collare-qafore-antiparazitare-per-qen-60-cm","status":"publish","type":"product","link":"https:\/\/maceqen.com\/en\/product\/deltatic-collare-qafore-antiparazitare-per-qen-60-cm\/","title":{"rendered":"DELTATIC collare . Qafore antiparazitare per Qen 60 cm."},"content":{"rendered":"<p data-start=\"0\" data-end=\"42\"><strong data-start=\"15\" data-end=\"40\">MBROJTJA E QENIT TUAJ<\/strong><\/p>\n<p data-start=\"44\" data-end=\"120\">Liria p\u00ebr t\u00eb shijuar ambientin e jasht\u00ebm e b\u00ebn qenin tuaj shum\u00eb t\u00eb lumtur.<\/p>\n<p data-start=\"122\" data-end=\"187\"><strong data-start=\"122\" data-end=\"134\">DELTATIC<\/strong>\u00a0\u00ebsht\u00eb nj\u00eb kollare mbrojt\u00ebse p\u00ebr qen\u00eb, i cili ofron:<\/p>\n<p data-start=\"189\" data-end=\"628\">\u2705\u00a0<strong data-start=\"191\" data-end=\"223\">Mbrojtje dhe efekt zmbraps\u00ebs<\/strong><br data-start=\"223\" data-end=\"226\" \/>\ud83d\udd39 Mban parazit\u00ebt larg qenit \u2013 kund\u00ebr mizave (p\u00ebrdorimi i tij mund t\u00eb konsiderohet si pjes\u00eb e nj\u00eb programi parandalues ndaj leishmanioz\u00ebs) dhe mushkonjave t\u00eb zakonshme t\u00eb grupit\u00a0<em data-start=\"409\" data-end=\"424\">Culex pipiens<\/em><br data-start=\"424\" data-end=\"427\" \/>\ud83d\udd39 Veprim paralizues ndaj rriqerave\u2013 i \u00e7orienton dhe i paralizon shpejt<br data-start=\"500\" data-end=\"503\" \/>\ud83d\udd39 Parandalim t\u00eb pickimeve \u2013 mushkonjat nuk do t\u00eb kafshojn\u00eb qenin tuaj<br data-start=\"572\" data-end=\"575\" \/>\ud83d\udd39 Eliminim t\u00eb parazit\u00ebve \u2013 shkakton vdekjen e tyre<\/p>\n<p data-start=\"630\" data-end=\"857\" data-is-last-node=\"\" data-is-only-node=\"\"><strong data-start=\"630\" data-end=\"642\">DELTATIC<\/strong>\u00a0\u00ebsht\u00eb nj\u00eb produkt mjek\u00ebsor veterinar. Para p\u00ebrdorimit, konsultohuni me veterinerin tuaj dhe lexoni flet\u00ebudh\u00ebzuesin e paketimit. Mbajeni larg f\u00ebmij\u00ebve. Nuk duhet t\u00eb p\u00ebrdoret te k\u00eblysh\u00ebt n\u00ebn 7 jav\u00ebsh dhe as te macet.<\/p>","protected":false},"excerpt":{"rendered":"<p>MBROJTJA E QENIT TUAJ Liria p\u00ebr t\u00eb shijuar ambientin e jasht\u00ebm e b\u00ebn qenin tuaj shum\u00eb t\u00eb lumtur. DELTATIC\u00a0\u00ebsht\u00eb nj\u00eb kollare mbrojt\u00ebse p\u00ebr qen\u00eb, i cili ofron: \u2705\u00a0Mbrojtje dhe efekt zmbraps\u00ebs\ud83d\udd39 Mban parazit\u00ebt larg qenit \u2013 kund\u00ebr mizave (p\u00ebrdorimi i tij mund t\u00eb konsiderohet si pjes\u00eb e nj\u00eb programi parandalues ndaj leishmanioz\u00ebs) dhe mushkonjave t\u00eb [&hellip;]<\/p>","protected":false},"featured_media":9435,"template":"","meta":[],"product_brand":[],"product_cat":[141,72],"product_tag":[],"class_list":{"0":"post-9434","1":"product","2":"type-product","3":"status-publish","4":"has-post-thumbnail","6":"product_cat-produkte-veterinare","7":"product_cat-qen","9":"first","10":"instock","11":"shipping-taxable","12":"purchasable","13":"product-type-simple"},"yoast_head":"<!-- This site is optimized with the Yoast SEO plugin v27.4 - https:\/\/yoast.com\/product\/yoast-seo-wordpress\/ -->\n<title>DELTATIC collare . Qafore antiparazitare per Qen 60 cm. - Maceqen<\/title>\n<meta name=\"description\" content=\"DELTATIC collare . Qafore antiparazitare per Qen 60 cm. - Maceqen\" \/>\n<meta name=\"robots\" content=\"index, follow, max-snippet:-1, max-image-preview:large, max-video-preview:-1\" \/>\n<link rel=\"canonical\" href=\"https:\/\/maceqen.com\/en\/product\/deltatic-collare-qafore-antiparazitare-per-qen-60-cm\/\" \/>\n<meta property=\"og:locale\" content=\"en_GB\" \/>\n<meta property=\"og:type\" content=\"article\" \/>\n<meta property=\"og:title\" content=\"DELTATIC collare . Qafore antiparazitare per Qen 60 cm. - Maceqen\" \/>\n<meta property=\"og:description\" content=\"DELTATIC collare . Qafore antiparazitare per Qen 60 cm. - Maceqen\" \/>\n<meta property=\"og:url\" content=\"https:\/\/maceqen.com\/en\/product\/deltatic-collare-qafore-antiparazitare-per-qen-60-cm\/\" \/>\n<meta property=\"og:site_name\" content=\"Maceqen\" \/>\n<meta property=\"article:publisher\" content=\"https:\/\/www.facebook.com\/profile.php?id=61566868653024\" \/>\n<meta property=\"og:image\" content=\"https:\/\/maceqen.com\/wp-content\/uploads\/medi-hover.webp\" \/>\n\t<meta property=\"og:image:width\" content=\"389\" \/>\n\t<meta property=\"og:image:height\" content=\"389\" \/>\n\t<meta property=\"og:image:type\" content=\"image\/webp\" \/>\n<meta name=\"twitter:card\" content=\"summary_large_image\" \/>\n<meta name=\"twitter:label1\" content=\"Est. reading time\" \/>\n\t<meta name=\"twitter:data1\" content=\"1 minute\" \/>\n<script type=\"application\/ld+json\" class=\"yoast-schema-graph\">{\"@context\":\"https:\\\/\\\/schema.org\",\"@graph\":[{\"@type\":\"WebPage\",\"@id\":\"https:\\\/\\\/maceqen.com\\\/product\\\/deltatic-collare-qafore-antiparazitare-per-qen-60-cm\\\/\",\"url\":\"https:\\\/\\\/maceqen.com\\\/product\\\/deltatic-collare-qafore-antiparazitare-per-qen-60-cm\\\/\",\"name\":\"DELTATIC collare . Qafore antiparazitare per Qen 60 cm. - Maceqen\",\"isPartOf\":{\"@id\":\"https:\\\/\\\/maceqen.com\\\/#website\"},\"primaryImageOfPage\":{\"@id\":\"https:\\\/\\\/maceqen.com\\\/product\\\/deltatic-collare-qafore-antiparazitare-per-qen-60-cm\\\/#primaryimage\"},\"image\":{\"@id\":\"https:\\\/\\\/maceqen.com\\\/product\\\/deltatic-collare-qafore-antiparazitare-per-qen-60-cm\\\/#primaryimage\"},\"thumbnailUrl\":\"https:\\\/\\\/maceqen.com\\\/wp-content\\\/uploads\\\/medi-hover.webp\",\"datePublished\":\"2026-04-24T09:38:42+00:00\",\"description\":\"DELTATIC collare . Qafore antiparazitare per Qen 60 cm. - Maceqen\",\"breadcrumb\":{\"@id\":\"https:\\\/\\\/maceqen.com\\\/product\\\/deltatic-collare-qafore-antiparazitare-per-qen-60-cm\\\/#breadcrumb\"},\"inLanguage\":\"en-GB\",\"potentialAction\":[{\"@type\":\"ReadAction\",\"target\":[\"https:\\\/\\\/maceqen.com\\\/product\\\/deltatic-collare-qafore-antiparazitare-per-qen-60-cm\\\/\"]}]},{\"@type\":\"ImageObject\",\"inLanguage\":\"en-GB\",\"@id\":\"https:\\\/\\\/maceqen.com\\\/product\\\/deltatic-collare-qafore-antiparazitare-per-qen-60-cm\\\/#primaryimage\",\"url\":\"https:\\\/\\\/maceqen.com\\\/wp-content\\\/uploads\\\/medi-hover.webp\",\"contentUrl\":\"https:\\\/\\\/maceqen.com\\\/wp-content\\\/uploads\\\/medi-hover.webp\",\"width\":389,\"height\":389},{\"@type\":\"BreadcrumbList\",\"@id\":\"https:\\\/\\\/maceqen.com\\\/product\\\/deltatic-collare-qafore-antiparazitare-per-qen-60-cm\\\/#breadcrumb\",\"itemListElement\":[{\"@type\":\"ListItem\",\"position\":1,\"name\":\"Home\",\"item\":\"https:\\\/\\\/maceqen.com\\\/\"},{\"@type\":\"ListItem\",\"position\":2,\"name\":\"Shop\",\"item\":\"https:\\\/\\\/maceqen.com\\\/shop\\\/\"},{\"@type\":\"ListItem\",\"position\":3,\"name\":\"DELTATIC collare . Qafore antiparazitare per Qen 60 cm.\"}]},{\"@type\":\"WebSite\",\"@id\":\"https:\\\/\\\/maceqen.com\\\/#website\",\"url\":\"https:\\\/\\\/maceqen.com\\\/\",\"name\":\"Maceqen\",\"description\":\"Maceqen.com\",\"publisher\":{\"@id\":\"https:\\\/\\\/maceqen.com\\\/#organization\"},\"potentialAction\":[{\"@type\":\"SearchAction\",\"target\":{\"@type\":\"EntryPoint\",\"urlTemplate\":\"https:\\\/\\\/maceqen.com\\\/?s={search_term_string}\"},\"query-input\":{\"@type\":\"PropertyValueSpecification\",\"valueRequired\":true,\"valueName\":\"search_term_string\"}}],\"inLanguage\":\"en-GB\"},{\"@type\":\"Organization\",\"@id\":\"https:\\\/\\\/maceqen.com\\\/#organization\",\"name\":\"Maceqen\",\"url\":\"https:\\\/\\\/maceqen.com\\\/\",\"logo\":{\"@type\":\"ImageObject\",\"inLanguage\":\"en-GB\",\"@id\":\"https:\\\/\\\/maceqen.com\\\/#\\\/schema\\\/logo\\\/image\\\/\",\"url\":\"https:\\\/\\\/maceqen.com\\\/wp-content\\\/uploads\\\/2021\\\/10\\\/maceqen_transparent-e1724054286368-2.png\",\"contentUrl\":\"https:\\\/\\\/maceqen.com\\\/wp-content\\\/uploads\\\/2021\\\/10\\\/maceqen_transparent-e1724054286368-2.png\",\"width\":1641,\"height\":727,\"caption\":\"Maceqen\"},\"image\":{\"@id\":\"https:\\\/\\\/maceqen.com\\\/#\\\/schema\\\/logo\\\/image\\\/\"},\"sameAs\":[\"https:\\\/\\\/www.facebook.com\\\/profile.php?id=61566868653024\",\"https:\\\/\\\/www.instagram.com\\\/maceqen_\\\/\"]}]}<\/script>\n<!-- \/ Yoast SEO plugin. -->","yoast_head_json":{"title":"DELTATIC collare . Qafore antiparazitare per Qen 60 cm. - Maceqen","description":"DELTATIC collare . Qafore antiparazitare per Qen 60 cm. - Maceqen","robots":{"index":"index","follow":"follow","max-snippet":"max-snippet:-1","max-image-preview":"max-image-preview:large","max-video-preview":"max-video-preview:-1"},"canonical":"https:\/\/maceqen.com\/en\/product\/deltatic-collare-qafore-antiparazitare-per-qen-60-cm\/","og_locale":"en_GB","og_type":"article","og_title":"DELTATIC collare . Qafore antiparazitare per Qen 60 cm. - Maceqen","og_description":"DELTATIC collare . Qafore antiparazitare per Qen 60 cm. - Maceqen","og_url":"https:\/\/maceqen.com\/en\/product\/deltatic-collare-qafore-antiparazitare-per-qen-60-cm\/","og_site_name":"Maceqen","article_publisher":"https:\/\/www.facebook.com\/profile.php?id=61566868653024","og_image":[{"width":389,"height":389,"url":"https:\/\/maceqen.com\/wp-content\/uploads\/medi-hover.webp","type":"image\/webp"}],"twitter_card":"summary_large_image","twitter_misc":{"Est. reading time":"1 minute"},"schema":{"@context":"https:\/\/schema.org","@graph":[{"@type":"WebPage","@id":"https:\/\/maceqen.com\/product\/deltatic-collare-qafore-antiparazitare-per-qen-60-cm\/","url":"https:\/\/maceqen.com\/product\/deltatic-collare-qafore-antiparazitare-per-qen-60-cm\/","name":"DELTATIC collare . Qafore antiparazitare per Qen 60 cm. - Maceqen","isPartOf":{"@id":"https:\/\/maceqen.com\/#website"},"primaryImageOfPage":{"@id":"https:\/\/maceqen.com\/product\/deltatic-collare-qafore-antiparazitare-per-qen-60-cm\/#primaryimage"},"image":{"@id":"https:\/\/maceqen.com\/product\/deltatic-collare-qafore-antiparazitare-per-qen-60-cm\/#primaryimage"},"thumbnailUrl":"https:\/\/maceqen.com\/wp-content\/uploads\/medi-hover.webp","datePublished":"2026-04-24T09:38:42+00:00","description":"DELTATIC collare . Qafore antiparazitare per Qen 60 cm. - Maceqen","breadcrumb":{"@id":"https:\/\/maceqen.com\/product\/deltatic-collare-qafore-antiparazitare-per-qen-60-cm\/#breadcrumb"},"inLanguage":"en-GB","potentialAction":[{"@type":"ReadAction","target":["https:\/\/maceqen.com\/product\/deltatic-collare-qafore-antiparazitare-per-qen-60-cm\/"]}]},{"@type":"ImageObject","inLanguage":"en-GB","@id":"https:\/\/maceqen.com\/product\/deltatic-collare-qafore-antiparazitare-per-qen-60-cm\/#primaryimage","url":"https:\/\/maceqen.com\/wp-content\/uploads\/medi-hover.webp","contentUrl":"https:\/\/maceqen.com\/wp-content\/uploads\/medi-hover.webp","width":389,"height":389},{"@type":"BreadcrumbList","@id":"https:\/\/maceqen.com\/product\/deltatic-collare-qafore-antiparazitare-per-qen-60-cm\/#breadcrumb","itemListElement":[{"@type":"ListItem","position":1,"name":"Home","item":"https:\/\/maceqen.com\/"},{"@type":"ListItem","position":2,"name":"Shop","item":"https:\/\/maceqen.com\/shop\/"},{"@type":"ListItem","position":3,"name":"DELTATIC collare . Qafore antiparazitare per Qen 60 cm."}]},{"@type":"WebSite","@id":"https:\/\/maceqen.com\/#website","url":"https:\/\/maceqen.com\/","name":"Maceqen","description":"Maceqen.com","publisher":{"@id":"https:\/\/maceqen.com\/#organization"},"potentialAction":[{"@type":"SearchAction","target":{"@type":"EntryPoint","urlTemplate":"https:\/\/maceqen.com\/?s={search_term_string}"},"query-input":{"@type":"PropertyValueSpecification","valueRequired":true,"valueName":"search_term_string"}}],"inLanguage":"en-GB"},{"@type":"Organization","@id":"https:\/\/maceqen.com\/#organization","name":"Maceqen","url":"https:\/\/maceqen.com\/","logo":{"@type":"ImageObject","inLanguage":"en-GB","@id":"https:\/\/maceqen.com\/#\/schema\/logo\/image\/","url":"https:\/\/maceqen.com\/wp-content\/uploads\/2021\/10\/maceqen_transparent-e1724054286368-2.png","contentUrl":"https:\/\/maceqen.com\/wp-content\/uploads\/2021\/10\/maceqen_transparent-e1724054286368-2.png","width":1641,"height":727,"caption":"Maceqen"},"image":{"@id":"https:\/\/maceqen.com\/#\/schema\/logo\/image\/"},"sameAs":["https:\/\/www.facebook.com\/profile.php?id=61566868653024","https:\/\/www.instagram.com\/maceqen_\/"]}]}},"_links":{"self":[{"href":"https:\/\/maceqen.com\/en\/wp-json\/wp\/v2\/product\/9434","targetHints":{"allow":["GET"]}}],"collection":[{"href":"https:\/\/maceqen.com\/en\/wp-json\/wp\/v2\/product"}],"about":[{"href":"https:\/\/maceqen.com\/en\/wp-json\/wp\/v2\/types\/product"}],"wp:featuredmedia":[{"embeddable":true,"href":"https:\/\/maceqen.com\/en\/wp-json\/wp\/v2\/media\/9435"}],"wp:attachment":[{"href":"https:\/\/maceqen.com\/en\/wp-json\/wp\/v2\/media?parent=9434"}],"wp:term":[{"taxonomy":"product_brand","embeddable":true,"href":"https:\/\/maceqen.com\/en\/wp-json\/wp\/v2\/product_brand?post=9434"},{"taxonomy":"product_cat","embeddable":true,"href":"https:\/\/maceqen.com\/en\/wp-json\/wp\/v2\/product_cat?post=9434"},{"taxonomy":"product_tag","embeddable":true,"href":"https:\/\/maceqen.com\/en\/wp-json\/wp\/v2\/product_tag?post=9434"}],"curies":[{"name":"wp","href":"https:\/\/api.w.org\/{rel}","templated":true}]}}