{"id":5122,"date":"2024-07-18T09:42:05","date_gmt":"2024-07-18T09:42:05","guid":{"rendered":"http:\/\/maceqen.com\/?post_type=product&#038;p=5122"},"modified":"2026-04-02T14:15:16","modified_gmt":"2026-04-02T13:15:16","slug":"hills-mature-small-mini-with-chicken-1-5-kg-ushqim-me-pule-per-qen-7-1-5-kg","status":"publish","type":"product","link":"https:\/\/maceqen.com\/en\/product\/hills-mature-small-mini-with-chicken-1-5-kg-ushqim-me-pule-per-qen-7-1-5-kg\/","title":{"rendered":"Hill&#8217;s Mature Small&#038;Mini with Chicken 7+ 1.5 kg. Ushqim me pul\u00eb p\u00ebr Qen 7+"},"content":{"rendered":"","protected":false},"excerpt":{"rendered":"","protected":false},"featured_media":5142,"template":"","meta":[],"product_brand":[],"product_cat":[79,72,78],"product_tag":[],"class_list":{"0":"post-5122","1":"product","2":"type-product","3":"status-publish","4":"has-post-thumbnail","6":"product_cat-kokrra-ushqim-qen","7":"product_cat-qen","8":"product_cat-ushqim-qen","10":"first","11":"outofstock","12":"shipping-taxable","13":"purchasable","14":"product-type-simple"},"yoast_head":"<!-- This site is optimized with the Yoast SEO plugin v27.4 - https:\/\/yoast.com\/product\/yoast-seo-wordpress\/ -->\n<title>Hill&#039;s Mature Small&amp;Mini with Chicken 7+ 1.5 kg. Ushqim me pul\u00eb p\u00ebr Qen 7+ - Maceqen<\/title>\n<meta name=\"description\" content=\"Hill&#039;s Mature Small&amp;Mini with Chicken 7+ 1.5 kg. Ushqim me pul\u00eb p\u00ebr Qen 7+ - Maceqen\" \/>\n<meta name=\"robots\" content=\"index, follow, max-snippet:-1, max-image-preview:large, max-video-preview:-1\" \/>\n<link rel=\"canonical\" href=\"https:\/\/maceqen.com\/en\/product\/hills-mature-small-mini-with-chicken-1-5-kg-ushqim-me-pule-per-qen-7-1-5-kg\/\" \/>\n<meta property=\"og:locale\" content=\"en_GB\" \/>\n<meta property=\"og:type\" content=\"article\" \/>\n<meta property=\"og:title\" content=\"Hill&#039;s Mature Small&amp;Mini with Chicken 7+ 1.5 kg. Ushqim me pul\u00eb p\u00ebr Qen 7+ - Maceqen\" \/>\n<meta property=\"og:description\" content=\"Hill&#039;s Mature Small&amp;Mini with Chicken 7+ 1.5 kg. Ushqim me pul\u00eb p\u00ebr Qen 7+ - Maceqen\" \/>\n<meta property=\"og:url\" content=\"https:\/\/maceqen.com\/en\/product\/hills-mature-small-mini-with-chicken-1-5-kg-ushqim-me-pule-per-qen-7-1-5-kg\/\" \/>\n<meta property=\"og:site_name\" content=\"Maceqen\" \/>\n<meta property=\"article:publisher\" content=\"https:\/\/www.facebook.com\/profile.php?id=61566868653024\" \/>\n<meta property=\"article:modified_time\" content=\"2026-04-02T13:15:16+00:00\" \/>\n<meta name=\"twitter:card\" content=\"summary_large_image\" \/>\n<script type=\"application\/ld+json\" class=\"yoast-schema-graph\">{\"@context\":\"https:\\\/\\\/schema.org\",\"@graph\":[{\"@type\":\"WebPage\",\"@id\":\"https:\\\/\\\/maceqen.com\\\/product\\\/hills-mature-small-mini-with-chicken-1-5-kg-ushqim-me-pule-per-qen-7-1-5-kg\\\/\",\"url\":\"https:\\\/\\\/maceqen.com\\\/product\\\/hills-mature-small-mini-with-chicken-1-5-kg-ushqim-me-pule-per-qen-7-1-5-kg\\\/\",\"name\":\"Hill's Mature Small&Mini with Chicken 7+ 1.5 kg. Ushqim me pul\u00eb p\u00ebr Qen 7+ - Maceqen\",\"isPartOf\":{\"@id\":\"https:\\\/\\\/maceqen.com\\\/#website\"},\"primaryImageOfPage\":{\"@id\":\"https:\\\/\\\/maceqen.com\\\/product\\\/hills-mature-small-mini-with-chicken-1-5-kg-ushqim-me-pule-per-qen-7-1-5-kg\\\/#primaryimage\"},\"image\":{\"@id\":\"https:\\\/\\\/maceqen.com\\\/product\\\/hills-mature-small-mini-with-chicken-1-5-kg-ushqim-me-pule-per-qen-7-1-5-kg\\\/#primaryimage\"},\"thumbnailUrl\":\"https:\\\/\\\/maceqen.com\\\/wp-content\\\/uploads\\\/2024\\\/07\\\/sp-canine-science-plan-mature-hillsadult-7-plus-small-yeni.avif\",\"datePublished\":\"2024-07-18T09:42:05+00:00\",\"dateModified\":\"2026-04-02T13:15:16+00:00\",\"description\":\"Hill's Mature Small&Mini with Chicken 7+ 1.5 kg. Ushqim me pul\u00eb p\u00ebr Qen 7+ - Maceqen\",\"breadcrumb\":{\"@id\":\"https:\\\/\\\/maceqen.com\\\/product\\\/hills-mature-small-mini-with-chicken-1-5-kg-ushqim-me-pule-per-qen-7-1-5-kg\\\/#breadcrumb\"},\"inLanguage\":\"en-GB\",\"potentialAction\":[{\"@type\":\"ReadAction\",\"target\":[\"https:\\\/\\\/maceqen.com\\\/product\\\/hills-mature-small-mini-with-chicken-1-5-kg-ushqim-me-pule-per-qen-7-1-5-kg\\\/\"]}]},{\"@type\":\"ImageObject\",\"inLanguage\":\"en-GB\",\"@id\":\"https:\\\/\\\/maceqen.com\\\/product\\\/hills-mature-small-mini-with-chicken-1-5-kg-ushqim-me-pule-per-qen-7-1-5-kg\\\/#primaryimage\",\"url\":\"https:\\\/\\\/maceqen.com\\\/wp-content\\\/uploads\\\/2024\\\/07\\\/sp-canine-science-plan-mature-hillsadult-7-plus-small-yeni.avif\",\"contentUrl\":\"https:\\\/\\\/maceqen.com\\\/wp-content\\\/uploads\\\/2024\\\/07\\\/sp-canine-science-plan-mature-hillsadult-7-plus-small-yeni.avif\",\"width\":1280,\"height\":1280},{\"@type\":\"BreadcrumbList\",\"@id\":\"https:\\\/\\\/maceqen.com\\\/product\\\/hills-mature-small-mini-with-chicken-1-5-kg-ushqim-me-pule-per-qen-7-1-5-kg\\\/#breadcrumb\",\"itemListElement\":[{\"@type\":\"ListItem\",\"position\":1,\"name\":\"Home\",\"item\":\"https:\\\/\\\/maceqen.com\\\/\"},{\"@type\":\"ListItem\",\"position\":2,\"name\":\"Shop\",\"item\":\"https:\\\/\\\/maceqen.com\\\/shop\\\/\"},{\"@type\":\"ListItem\",\"position\":3,\"name\":\"Hill&#8217;s Mature Small&#038;Mini with Chicken 7+ 1.5 kg. Ushqim me pul\u00eb p\u00ebr Qen 7+\"}]},{\"@type\":\"WebSite\",\"@id\":\"https:\\\/\\\/maceqen.com\\\/#website\",\"url\":\"https:\\\/\\\/maceqen.com\\\/\",\"name\":\"Maceqen\",\"description\":\"Maceqen.com\",\"publisher\":{\"@id\":\"https:\\\/\\\/maceqen.com\\\/#organization\"},\"potentialAction\":[{\"@type\":\"SearchAction\",\"target\":{\"@type\":\"EntryPoint\",\"urlTemplate\":\"https:\\\/\\\/maceqen.com\\\/?s={search_term_string}\"},\"query-input\":{\"@type\":\"PropertyValueSpecification\",\"valueRequired\":true,\"valueName\":\"search_term_string\"}}],\"inLanguage\":\"en-GB\"},{\"@type\":\"Organization\",\"@id\":\"https:\\\/\\\/maceqen.com\\\/#organization\",\"name\":\"Maceqen\",\"url\":\"https:\\\/\\\/maceqen.com\\\/\",\"logo\":{\"@type\":\"ImageObject\",\"inLanguage\":\"en-GB\",\"@id\":\"https:\\\/\\\/maceqen.com\\\/#\\\/schema\\\/logo\\\/image\\\/\",\"url\":\"https:\\\/\\\/maceqen.com\\\/wp-content\\\/uploads\\\/2021\\\/10\\\/maceqen_transparent-e1724054286368-2.png\",\"contentUrl\":\"https:\\\/\\\/maceqen.com\\\/wp-content\\\/uploads\\\/2021\\\/10\\\/maceqen_transparent-e1724054286368-2.png\",\"width\":1641,\"height\":727,\"caption\":\"Maceqen\"},\"image\":{\"@id\":\"https:\\\/\\\/maceqen.com\\\/#\\\/schema\\\/logo\\\/image\\\/\"},\"sameAs\":[\"https:\\\/\\\/www.facebook.com\\\/profile.php?id=61566868653024\",\"https:\\\/\\\/www.instagram.com\\\/maceqen_\\\/\"]}]}<\/script>\n<!-- \/ Yoast SEO plugin. -->","yoast_head_json":{"title":"Hill's Mature Small&Mini with Chicken 7+ 1.5 kg. Ushqim me pul\u00eb p\u00ebr Qen 7+ - Maceqen","description":"Hill's Mature Small&Mini with Chicken 7+ 1.5 kg. Ushqim me pul\u00eb p\u00ebr Qen 7+ - Maceqen","robots":{"index":"index","follow":"follow","max-snippet":"max-snippet:-1","max-image-preview":"max-image-preview:large","max-video-preview":"max-video-preview:-1"},"canonical":"https:\/\/maceqen.com\/en\/product\/hills-mature-small-mini-with-chicken-1-5-kg-ushqim-me-pule-per-qen-7-1-5-kg\/","og_locale":"en_GB","og_type":"article","og_title":"Hill's Mature Small&Mini with Chicken 7+ 1.5 kg. Ushqim me pul\u00eb p\u00ebr Qen 7+ - Maceqen","og_description":"Hill's Mature Small&Mini with Chicken 7+ 1.5 kg. Ushqim me pul\u00eb p\u00ebr Qen 7+ - Maceqen","og_url":"https:\/\/maceqen.com\/en\/product\/hills-mature-small-mini-with-chicken-1-5-kg-ushqim-me-pule-per-qen-7-1-5-kg\/","og_site_name":"Maceqen","article_publisher":"https:\/\/www.facebook.com\/profile.php?id=61566868653024","article_modified_time":"2026-04-02T13:15:16+00:00","twitter_card":"summary_large_image","schema":{"@context":"https:\/\/schema.org","@graph":[{"@type":"WebPage","@id":"https:\/\/maceqen.com\/product\/hills-mature-small-mini-with-chicken-1-5-kg-ushqim-me-pule-per-qen-7-1-5-kg\/","url":"https:\/\/maceqen.com\/product\/hills-mature-small-mini-with-chicken-1-5-kg-ushqim-me-pule-per-qen-7-1-5-kg\/","name":"Hill's Mature Small&Mini with Chicken 7+ 1.5 kg. Ushqim me pul\u00eb p\u00ebr Qen 7+ - Maceqen","isPartOf":{"@id":"https:\/\/maceqen.com\/#website"},"primaryImageOfPage":{"@id":"https:\/\/maceqen.com\/product\/hills-mature-small-mini-with-chicken-1-5-kg-ushqim-me-pule-per-qen-7-1-5-kg\/#primaryimage"},"image":{"@id":"https:\/\/maceqen.com\/product\/hills-mature-small-mini-with-chicken-1-5-kg-ushqim-me-pule-per-qen-7-1-5-kg\/#primaryimage"},"thumbnailUrl":"https:\/\/maceqen.com\/wp-content\/uploads\/2024\/07\/sp-canine-science-plan-mature-hillsadult-7-plus-small-yeni.avif","datePublished":"2024-07-18T09:42:05+00:00","dateModified":"2026-04-02T13:15:16+00:00","description":"Hill's Mature Small&Mini with Chicken 7+ 1.5 kg. Ushqim me pul\u00eb p\u00ebr Qen 7+ - Maceqen","breadcrumb":{"@id":"https:\/\/maceqen.com\/product\/hills-mature-small-mini-with-chicken-1-5-kg-ushqim-me-pule-per-qen-7-1-5-kg\/#breadcrumb"},"inLanguage":"en-GB","potentialAction":[{"@type":"ReadAction","target":["https:\/\/maceqen.com\/product\/hills-mature-small-mini-with-chicken-1-5-kg-ushqim-me-pule-per-qen-7-1-5-kg\/"]}]},{"@type":"ImageObject","inLanguage":"en-GB","@id":"https:\/\/maceqen.com\/product\/hills-mature-small-mini-with-chicken-1-5-kg-ushqim-me-pule-per-qen-7-1-5-kg\/#primaryimage","url":"https:\/\/maceqen.com\/wp-content\/uploads\/2024\/07\/sp-canine-science-plan-mature-hillsadult-7-plus-small-yeni.avif","contentUrl":"https:\/\/maceqen.com\/wp-content\/uploads\/2024\/07\/sp-canine-science-plan-mature-hillsadult-7-plus-small-yeni.avif","width":1280,"height":1280},{"@type":"BreadcrumbList","@id":"https:\/\/maceqen.com\/product\/hills-mature-small-mini-with-chicken-1-5-kg-ushqim-me-pule-per-qen-7-1-5-kg\/#breadcrumb","itemListElement":[{"@type":"ListItem","position":1,"name":"Home","item":"https:\/\/maceqen.com\/"},{"@type":"ListItem","position":2,"name":"Shop","item":"https:\/\/maceqen.com\/shop\/"},{"@type":"ListItem","position":3,"name":"Hill&#8217;s Mature Small&#038;Mini with Chicken 7+ 1.5 kg. Ushqim me pul\u00eb p\u00ebr Qen 7+"}]},{"@type":"WebSite","@id":"https:\/\/maceqen.com\/#website","url":"https:\/\/maceqen.com\/","name":"Maceqen","description":"Maceqen.com","publisher":{"@id":"https:\/\/maceqen.com\/#organization"},"potentialAction":[{"@type":"SearchAction","target":{"@type":"EntryPoint","urlTemplate":"https:\/\/maceqen.com\/?s={search_term_string}"},"query-input":{"@type":"PropertyValueSpecification","valueRequired":true,"valueName":"search_term_string"}}],"inLanguage":"en-GB"},{"@type":"Organization","@id":"https:\/\/maceqen.com\/#organization","name":"Maceqen","url":"https:\/\/maceqen.com\/","logo":{"@type":"ImageObject","inLanguage":"en-GB","@id":"https:\/\/maceqen.com\/#\/schema\/logo\/image\/","url":"https:\/\/maceqen.com\/wp-content\/uploads\/2021\/10\/maceqen_transparent-e1724054286368-2.png","contentUrl":"https:\/\/maceqen.com\/wp-content\/uploads\/2021\/10\/maceqen_transparent-e1724054286368-2.png","width":1641,"height":727,"caption":"Maceqen"},"image":{"@id":"https:\/\/maceqen.com\/#\/schema\/logo\/image\/"},"sameAs":["https:\/\/www.facebook.com\/profile.php?id=61566868653024","https:\/\/www.instagram.com\/maceqen_\/"]}]}},"_links":{"self":[{"href":"https:\/\/maceqen.com\/en\/wp-json\/wp\/v2\/product\/5122","targetHints":{"allow":["GET"]}}],"collection":[{"href":"https:\/\/maceqen.com\/en\/wp-json\/wp\/v2\/product"}],"about":[{"href":"https:\/\/maceqen.com\/en\/wp-json\/wp\/v2\/types\/product"}],"wp:featuredmedia":[{"embeddable":true,"href":"https:\/\/maceqen.com\/en\/wp-json\/wp\/v2\/media\/5142"}],"wp:attachment":[{"href":"https:\/\/maceqen.com\/en\/wp-json\/wp\/v2\/media?parent=5122"}],"wp:term":[{"taxonomy":"product_brand","embeddable":true,"href":"https:\/\/maceqen.com\/en\/wp-json\/wp\/v2\/product_brand?post=5122"},{"taxonomy":"product_cat","embeddable":true,"href":"https:\/\/maceqen.com\/en\/wp-json\/wp\/v2\/product_cat?post=5122"},{"taxonomy":"product_tag","embeddable":true,"href":"https:\/\/maceqen.com\/en\/wp-json\/wp\/v2\/product_tag?post=5122"}],"curies":[{"name":"wp","href":"https:\/\/api.w.org\/{rel}","templated":true}]}}